{"id":1116,"date":"2025-05-29T01:45:03","date_gmt":"2025-05-28T23:45:03","guid":{"rendered":"https:\/\/www.rolland-design-creation.fr\/cosmetiques\/about\/"},"modified":"2026-03-24T15:31:09","modified_gmt":"2026-03-24T14:31:09","slug":"a-propos","status":"publish","type":"page","link":"https:\/\/www.rolland-design-creation.fr\/cosmetiques\/a-propos\/","title":{"rendered":"A propos"},"content":{"rendered":"<div class=\"wp-block-uagb-container aos-zoom-in uagb-block-ec57ae33 alignfull uagb-is-root-container\"><div class=\"uagb-container-inner-blocks-wrap\"><div class=\"wp-block-uagb-info-box uagb-block-4a165757 uagb-infobox__content-wrap  uagb-infobox-icon-above-title uagb-infobox-image-valign-top aos-fade-up aos-delay-500\"><div class=\"uagb-ifb-content\"><div class=\"uagb-ifb-title-wrap\"><h1 class=\"uagb-ifb-title\">A propos<\/h1><\/div><p class=\"uagb-ifb-desc\">Des soins pens\u00e9s pour accompagner votre peau, quelle qu\u2019elle soit.<\/p><div class=\"uagb-ifb-separator\"><\/div><\/div><\/div><\/div><\/div><div class=\"wp-block-uagb-container uagb-block-03926366 alignfull uagb-is-root-container\"><div class=\"uagb-container-inner-blocks-wrap\"><div class=\"wp-block-uagb-container uagb-block-d3634444\"><div class=\"wp-block-uagb-image alignleft uagb-block-bbccf630 wp-block-uagb-image--layout-default wp-block-uagb-image--effect-static wp-block-uagb-image--align-left aos-fade-left\"><figure class=\"wp-block-uagb-image__figure\"><img decoding=\"async\" srcset=\"https:\/\/www.rolland-design-creation.fr\/cosmetiques\/wp-content\/uploads\/2026\/03\/35065-1024x682.jpg ,https:\/\/www.rolland-design-creation.fr\/cosmetiques\/wp-content\/uploads\/2026\/03\/35065.jpg 780w, https:\/\/www.rolland-design-creation.fr\/cosmetiques\/wp-content\/uploads\/2026\/03\/35065.jpg 360w\" sizes=\"auto, (max-width: 480px) 150px\" src=\"https:\/\/www.rolland-design-creation.fr\/cosmetiques\/wp-content\/uploads\/2026\/03\/35065-1024x682.jpg\" alt=\"\" class=\"uag-image-2594\" width=\"540\" height=\"540\" title=\"35065\" loading=\"lazy\" role=\"img\"\/><\/figure><\/div><\/div>\n\n<div class=\"wp-block-uagb-container uagb-block-4596b95e\"><div class=\"wp-block-uagb-info-box uagb-block-02d384db uagb-infobox__content-wrap  uagb-infobox-icon-above-title uagb-infobox-image-valign-top aos-fade-left aos-delay-500\"><div class=\"uagb-ifb-content\"><div class=\"uagb-ifb-icon-wrap\"><svg xmlns=\"https:\/\/www.w3.org\/2000\/svg\" viewBox=\"0 0 448 512\"><path d=\"M96 224C84.72 224 74.05 226.3 64 229.9V224c0-35.3 28.7-64 64-64c17.67 0 32-14.33 32-32S145.7 96 128 96C57.42 96 0 153.4 0 224v96c0 53.02 42.98 96 96 96s96-42.98 96-96S149 224 96 224zM352 224c-11.28 0-21.95 2.305-32 5.879V224c0-35.3 28.7-64 64-64c17.67 0 32-14.33 32-32s-14.33-32-32-32c-70.58 0-128 57.42-128 128v96c0 53.02 42.98 96 96 96s96-42.98 96-96S405 224 352 224z\"><\/path><\/svg><\/div><div class=\"uagb-ifb-title-wrap\"><span class=\"uagb-ifb-title-prefix\">En tant que passionn\u00e9e de cosm\u00e9tique et de bien-\u00eatre cutan\u00e9, j\u2019ai fond\u00e9 cette boutique pour proposer des nettoyants s\u00fbrs, doux et adapt\u00e9s \u00e0 tous les types de peau. Notre s\u00e9lection repose sur des crit\u00e8res stricts de qualit\u00e9, pour vous offrir des soins fiables au quotidien.<\/span><p class=\"uagb-ifb-title\">Christine DENEUVE<\/p><\/div><p class=\"uagb-ifb-desc\">CEO ARIAL Cosm\u00e9tique<\/p><div class=\"uagb-ifb-separator\"><\/div><\/div><\/div>\n\n<div class=\"wp-block-uagb-advanced-heading uagb-block-f0a0aac2 aos-fade-left aos-delay-500\"><h6 class=\"uagb-heading-text\">Medias sociaux<\/h6><\/div>\n\n<div class=\"wp-block-uagb-social-share uagb-social-share__outer-wrap uagb-social-share__layout-horizontal uagb-block-ca105938 aos-fade-left aos-delay-600\"><div class=\"wp-block-uagb-social-share-child uagb-ss-repeater uagb-ss__wrapper uagb-block-6d45d77a\"><span class=\"uagb-ss__link\" data-href=\"https:\/\/www.facebook.com\/sharer.php?u=\" tabindex=\"0\" role=\"button\" aria-label=\"facebook\"><span class=\"uagb-ss__source-wrap\"><span class=\"uagb-ss__source-icon\"><svg xmlns=\"https:\/\/www.w3.org\/2000\/svg\" viewBox=\"0 0 448 512\"><path d=\"M400 32H48A48 48 0 0 0 0 80v352a48 48 0 0 0 48 48h137.3V327.7h-63V256h63v-54.64c0-62.15 37-96.48 93.67-96.48 27.14 0 55.52 4.84 55.52 4.84v61h-31.27c-30.81 0-40.42 19.12-40.42 38.73V256h68.78l-11 71.69h-57.78V480H400a48 48 0 0 0 48-48V80a48 48 0 0 0 -48-48z\"><\/path><\/svg><\/span><\/span><\/span><\/div>\n\n<div class=\"wp-block-uagb-social-share-child uagb-ss-repeater uagb-ss__wrapper uagb-block-76149940\"><span class=\"uagb-ss__link\" data-href=\"https:\/\/pinterest.com\/pin\/create\/link\/?url=\" tabindex=\"0\" role=\"button\" aria-label=\"pinterest\"><span class=\"uagb-ss__source-wrap\"><span class=\"uagb-ss__source-icon\"><svg xmlns=\"https:\/\/www.w3.org\/2000\/svg\" viewBox=\"0 0 496 512\"><path d=\"M496 256c0 137-111 248-248 248-25.6 0-50.2-3.9-73.4-11.1 10.1-16.5 25.2-43.5 30.8-65 3-11.6 15.4-59 15.4-59 8.1 15.4 31.7 28.5 56.8 28.5 74.8 0 128.7-68.8 128.7-154.3 0-81.9-66.9-143.2-152.9-143.2-107 0-163.9 71.8-163.9 150.1 0 36.4 19.4 81.7 50.3 96.1 4.7 2.2 7.2 1.2 8.3-3.3 .8-3.4 5-20.3 6.9-28.1 .6-2.5 .3-4.7-1.7-7.1-10.1-12.5-18.3-35.3-18.3-56.6 0-54.7 41.4-107.6 112-107.6 60.9 0 103.6 41.5 103.6 100.9 0 67.1-33.9 113.6-78 113.6-24.3 0-42.6-20.1-36.7-44.8 7-29.5 20.5-61.3 20.5-82.6 0-19-10.2-34.9-31.4-34.9-24.9 0-44.9 25.7-44.9 60.2 0 22 7.4 36.8 7.4 36.8s-24.5 103.8-29 123.2c-5 21.4-3 51.6-.9 71.2C65.4 450.9 0 361.1 0 256 0 119 111 8 248 8s248 111 248 248z\"><\/path><\/svg><\/span><\/span><\/span><\/div>\n\n<div class=\"wp-block-uagb-social-share-child uagb-ss-repeater uagb-ss__wrapper uagb-block-f67a399d\"><span class=\"uagb-ss__link\" data-href=\"mailto:?body=\" tabindex=\"0\" role=\"button\" aria-label=\"email\"><span class=\"uagb-ss__source-wrap\"><span class=\"uagb-ss__source-icon\"><svg xmlns=\"https:\/\/www.w3.org\/2000\/svg\" viewBox=\"0 0 512 512\"><path d=\"M464 64C490.5 64 512 85.49 512 112C512 127.1 504.9 141.3 492.8 150.4L275.2 313.6C263.8 322.1 248.2 322.1 236.8 313.6L19.2 150.4C7.113 141.3 0 127.1 0 112C0 85.49 21.49 64 48 64H464zM217.6 339.2C240.4 356.3 271.6 356.3 294.4 339.2L512 176V384C512 419.3 483.3 448 448 448H64C28.65 448 0 419.3 0 384V176L217.6 339.2z\"><\/path><\/svg><\/span><\/span><\/span><\/div><\/div><\/div><\/div><\/div><div class=\"wp-block-uagb-container uagb-block-6b968533 alignfull uagb-is-root-container\"><div class=\"uagb-container-inner-blocks-wrap\"><div class=\"wp-block-uagb-container uagb-layout-flex uagb-block-d007fec1 alignfull uagb-is-root-container\"><div class=\"uagb-container-inner-blocks-wrap\"><div class=\"wp-block-uagb-container uagb-block-815c24b6\"><div class=\"wp-block-uagb-advanced-heading uagb-block-7bbb1e16 aos-fade-left\"><h6 class=\"uagb-heading-text\">Notre histoire<\/h6><\/div><\/div>\n\n<div class=\"wp-block-uagb-container uagb-block-decbf510\"><div class=\"wp-block-uagb-advanced-heading uagb-block-62025aa0 aos-fade-left aos-delay-500\"><div class=\"uagb-heading-text\">Plus qu\u2019une boutique, une histoire de peau et de c\u0153ur.<\/div><p class=\"uagb-desc-text\">Notre aventure est n\u00e9e d\u2019un souhait : aider chacun \u00e0 retrouver confiance dans sa peau. \u00c0 travers une s\u00e9lection de nettoyants doux et naturels, nous voulons simplifier votre routine tout en apportant du bien-\u00eatre. Chaque produit que nous proposons refl\u00e8te nos valeurs : \u00e9coute, douceur, authenticit\u00e9.<\/p><\/div>\n\n<div class=\"wp-block-uagb-info-box uagb-block-3e0a1c31 uagb-infobox__content-wrap  uagb-infobox-icon-above-title uagb-infobox-image-valign-top aos-fade-left aos-delay-1000\"><div class=\"uagb-ifb-content\"><div class=\"uagb-ifb-title-wrap\"><\/div><p class=\"uagb-ifb-desc\">Ce projet est avant tout une aventure humaine. Il a vu le jour avec l\u2019envie profonde d\u2019aider d\u2019autres personnes \u00e0 se sentir bien dans leur peau, gr\u00e2ce \u00e0 des produits simples, naturels et soigneusement s\u00e9lectionn\u00e9s. Ici, chaque nettoyant est choisi pour sa qualit\u00e9, son efficacit\u00e9 et sa compatibilit\u00e9 avec tous les types de peau \u2013 m\u00eame les plus d\u00e9licates.<br>Au-del\u00e0 d\u2019une simple boutique, nous voulons cr\u00e9er une communaut\u00e9 de confiance, o\u00f9 chaque personne peut trouver des soins qui respectent sa peau et ses valeurs. Nous croyons en une beaut\u00e9 honn\u00eate, inclusive et durable. Une beaut\u00e9 qui commence par un geste quotidien : un nettoyage doux, r\u00e9confortant, qui pr\u00e9pare la peau \u00e0 s\u2019\u00e9panouir.<br>Merci de faire partie de cette belle aventure.<\/p><\/div><\/div><\/div><\/div><\/div>\n\n<div class=\"wp-block-uagb-container uagb-block-24f66e74\"><div class=\"wp-block-uagb-info-box uagb-block-ef4ac097 uagb-infobox__content-wrap  uagb-infobox-icon-above-title uagb-infobox-image-valign-top aos-fade-up\"><div class=\"uagb-ifb-content\"><div class=\"uagb-ifb-icon-wrap\"><div class=\"uagb-iconbox-icon-wrap uagb-infobox-shape-circle\"><svg xmlns=\"https:\/\/www.w3.org\/2000\/svg\" viewBox=\"0 0 640 512\"><path d=\"M448 432c0-14.25 8.547-28.14 21.28-34.55l39.56-16.56l15.64-37.52c4.461-9.037 11.45-15.37 19.43-19.23L544 128c0-17.67-14.33-32-32-32s-32 14.33-32 32l-.0156 112c0 8.836-7.148 16-15.98 16s-16.07-7.164-16.07-16L448 64c0-17.67-14.33-32-32-32s-32 14.33-32 32l-.0635 176c0 8.836-7.106 16-15.94 16S351.9 248.8 351.9 240L352 32c0-17.67-14.33-32-32-32S288 14.33 288 32L287.9 240C287.9 248.8 280.8 256 272 256S255.9 248.8 255.9 240L256 64c0-17.67-14.33-32-32-32S192 46.33 192 64v279.4L132.3 283.7C124.5 275.9 114.2 272 104 272C82.68 272 64 289.2 64 312c0 10.23 3.906 20.47 11.72 28.28l113.1 113.1C226.6 491.2 276.9 512 330.3 512H368c42.72 0 81.91-15.32 112.4-40.73l-9.049-3.773C456.6 460.1 448 446.3 448 432zM349.8 371.6L320 383.1l-12.42 29.78C306.1 415 305.4 416 304 416s-2.969-.9941-3.578-2.219L288 383.1l-29.79-12.42C256.1 370.1 256 369.4 256 367.1c0-1.365 .9922-2.967 2.209-3.577L288 352l12.42-29.79C301 320.1 302.6 320 304 320s2.967 .9902 3.578 2.217L320 352l29.79 12.42C351 365 352 366.6 352 367.1C352 369.4 351 370.1 349.8 371.6zM80 224c2.277 0 4.943-1.656 5.959-3.699l20.7-49.63l49.65-20.71c2.027-1.014 3.682-3.696 3.686-5.958C159.1 141.7 158.3 139.1 156.3 138L106.7 117.4L85.96 67.7C84.94 65.65 82.28 64 80 64C77.72 64 75.05 65.65 74.04 67.7L53.34 117.3L3.695 138C1.668 139.1 .0117 141.7 .0078 143.1c.0039 2.262 1.662 4.953 3.688 5.967l49.57 20.67l20.77 49.67C75.05 222.3 77.72 224 80 224zM639.1 432c-.0039-2.275-1.657-4.952-3.687-5.968l-49.57-20.67l-20.77-49.67C564.9 353.7 562.3 352 560 352c-2.281 0-4.959 1.652-5.975 3.695l-20.7 49.63l-49.64 20.71c-2.027 1.016-3.682 3.683-3.686 5.958c.0039 2.262 1.661 4.954 3.686 5.968l49.57 20.67l20.77 49.67C555.1 510.3 557.7 512 560 512c2.277 0 4.933-1.656 5.949-3.699l20.7-49.63l49.65-20.71C638.3 436.9 639.1 434.3 639.1 432z\"><\/path><\/svg><\/div><\/div><div class=\"uagb-ifb-title-wrap\"><h5 class=\"uagb-ifb-title\">Pour tout type de peau<\/h5><\/div><p class=\"uagb-ifb-desc\">Que votre peau soit s\u00e8che, grasse, mixte ou sensible, nos produits s\u2019adaptent \u00e0 vos besoins.<\/p><\/div><\/div>\n\n<div class=\"wp-block-uagb-info-box uagb-block-b340d15e uagb-infobox__content-wrap  uagb-infobox-icon-above-title uagb-infobox-image-valign-top aos-fade-up aos-delay-500\"><div class=\"uagb-ifb-content\"><div class=\"uagb-ifb-icon-wrap\"><div class=\"uagb-iconbox-icon-wrap uagb-infobox-shape-circle\"><svg xmlns=\"https:\/\/www.w3.org\/2000\/svg\" viewBox=\"0 0 512 512\"><path d=\"M512 165.4c0 127.9-70.05 235.3-175.3 270.1c-20.04 7.938-41.83 12.46-64.69 12.46c-64.9 0-125.2-36.51-155.7-94.47c-54.13 49.93-68.71 107-68.96 108.1C44.72 472.6 34.87 480 24.02 480c-1.844 0-3.727-.2187-5.602-.6562c-12.89-3.098-20.84-16.08-17.75-28.96c9.598-39.5 90.47-226.4 335.3-226.4C344.8 224 352 216.8 352 208S344.8 192 336 192C228.6 192 151 226.6 96.29 267.6c.1934-10.82 1.242-21.84 3.535-33.05c13.47-65.81 66.04-119 131.4-134.2c28.33-6.562 55.68-6.013 80.93-.0054c56 13.32 118.2-7.412 149.3-61.24c5.664-9.828 20.02-9.516 24.66 .8282C502.7 76.76 512 121.9 512 165.4z\"><\/path><\/svg><\/div><\/div><div class=\"uagb-ifb-title-wrap\"><h5 class=\"uagb-ifb-title\">Produits BIO<\/h5><\/div><p class=\"uagb-ifb-desc\">Formul\u00e9s \u00e0 base d\u2019ingr\u00e9dients naturels, sans additifs ni produits chimiques.<\/p><\/div><\/div>\n\n<div class=\"wp-block-uagb-info-box uagb-block-84665ea4 uagb-infobox__content-wrap  uagb-infobox-icon-above-title uagb-infobox-image-valign-top aos-fade-up aos-delay-1000\"><div class=\"uagb-ifb-content\"><div class=\"uagb-ifb-icon-wrap\"><div class=\"uagb-iconbox-icon-wrap uagb-infobox-shape-circle\"><svg xmlns=\"https:\/\/www.w3.org\/2000\/svg\" viewBox=\"0 0 576 512\"><path d=\"M275.2 250.5c7 7.375 18.5 7.375 25.5 0l108.1-114.2c31.5-33.12 29.72-88.1-5.65-118.7c-30.88-26.75-76.75-21.9-104.9 7.724L287.1 36.91L276.8 25.28C248.7-4.345 202.7-9.194 171.1 17.56C136.7 48.18 134.7 103.2 166.4 136.3L275.2 250.5zM568.2 336.3c-13.12-17.81-38.14-21.66-55.93-8.469l-119.7 88.17h-120.6c-8.748 0-15.1-7.25-15.1-15.1c0-8.746 7.25-15.1 15.1-15.1h78.25c15.1 0 30.75-10.87 33.37-26.62c3.25-19.1-12.12-37.37-31.62-37.37H191.1c-26.1 0-53.12 9.25-74.12 26.25l-46.5 37.74l-55.37-.0253c-8.748 0-15.1 7.275-15.1 16.02L.0001 496C.0001 504.8 7.251 512 15.1 512h346.1c22.03 0 43.92-7.187 61.7-20.28l135.1-99.51C577.5 379.1 581.3 354.1 568.2 336.3z\"><\/path><\/svg><\/div><\/div><div class=\"uagb-ifb-title-wrap\"><h5 class=\"uagb-ifb-title\">Soins naturels<\/h5><\/div><p class=\"uagb-ifb-desc\">Nos nettoyants sont formul\u00e9s pour respecter l\u2019\u00e9quilibre naturel de votre peau.<\/p><\/div><\/div><\/div><\/div><\/div><div class=\"wp-block-uagb-container uagb-block-903e8ae4 alignfull uagb-is-root-container\"><div class=\"uagb-container-inner-blocks-wrap\"><div class=\"wp-block-uagb-advanced-heading uagb-block-65c9f9cf aos-fade-up\"><h4 class=\"uagb-heading-text\">Redonnez \u00e0 votre peau<br>la fra\u00eecheur et la puret\u00e9 de soins naturels<\/h4><\/div>\n\n<div\n\t\t\t\t\t\tclass=\"wp-block-uagb-image-gallery uagb-block-cb094aba aos-fade-up aos-delay-500    \"\n\t\t\t\t\t\tstyle=\"\"\n\t\t\t\t\t>\n\t\t\t\t\t\t\t\t\t\t\t<div class=\"spectra-image-gallery spectra-image-gallery__layout--grid spectra-image-gallery__layout--grid-col-3 spectra-image-gallery__layout--grid-col-tab-3 spectra-image-gallery__layout--grid-col-mob-1\">\n\t\t\t\t\t\t\t\t\t\t\t<div class='spectra-image-gallery__media-wrapper' data-spectra-gallery-image-id='2596' tabindex=\"0\">\n\t\t\t\t\t\t\t<div class=\"spectra-image-gallery__media spectra-image-gallery__media--grid\">\n\t\t\t\t<picture>\n\t\t\t\t\t<source media=\"(min-width: 1024px)\" srcset=\"https:\/\/www.rolland-design-creation.fr\/cosmetiques\/wp-content\/uploads\/2026\/03\/138-789x1024.jpg\">\n\t\t\t\t\t<source media=\"(min-width: 768px)\" srcset=\"https:\/\/www.rolland-design-creation.fr\/cosmetiques\/wp-content\/uploads\/2026\/03\/138-789x1024.jpg\">\n\t\t\t\t\t<img decoding=\"async\" class=\"spectra-image-gallery__media-thumbnail spectra-image-gallery__media-thumbnail--grid\" src=\"https:\/\/www.rolland-design-creation.fr\/cosmetiques\/wp-content\/uploads\/2026\/03\/138-231x300.jpg\" alt=\"\" loading=\"lazy\" \/>\n\t\t\t\t<\/picture>\n\t\t\t\t<div class=\"spectra-image-gallery__media-thumbnail-blurrer\"><\/div>\n\t\t\t\t\t\t\t\t\t\t\t<div class=\"spectra-image-gallery__media-thumbnail-caption-wrapper spectra-image-gallery__media-thumbnail-caption-wrapper--overlay\"><\/div>\n\t\t\t\t\t\t\t\t<\/div>\n\t\t\t\t\t\t<\/div>\n\t\t\t\t\t\t<div class='spectra-image-gallery__media-wrapper' data-spectra-gallery-image-id='2597' tabindex=\"0\">\n\t\t\t\t\t\t\t<div class=\"spectra-image-gallery__media spectra-image-gallery__media--grid\">\n\t\t\t\t<picture>\n\t\t\t\t\t<source media=\"(min-width: 1024px)\" srcset=\"https:\/\/www.rolland-design-creation.fr\/cosmetiques\/wp-content\/uploads\/2026\/03\/2384-1-682x1024.jpg\">\n\t\t\t\t\t<source media=\"(min-width: 768px)\" srcset=\"https:\/\/www.rolland-design-creation.fr\/cosmetiques\/wp-content\/uploads\/2026\/03\/2384-1-682x1024.jpg\">\n\t\t\t\t\t<img decoding=\"async\" class=\"spectra-image-gallery__media-thumbnail spectra-image-gallery__media-thumbnail--grid\" src=\"https:\/\/www.rolland-design-creation.fr\/cosmetiques\/wp-content\/uploads\/2026\/03\/2384-1-200x300.jpg\" alt=\"\" loading=\"lazy\" \/>\n\t\t\t\t<\/picture>\n\t\t\t\t<div class=\"spectra-image-gallery__media-thumbnail-blurrer\"><\/div>\n\t\t\t\t\t\t\t\t\t\t\t<div class=\"spectra-image-gallery__media-thumbnail-caption-wrapper spectra-image-gallery__media-thumbnail-caption-wrapper--overlay\"><\/div>\n\t\t\t\t\t\t\t\t<\/div>\n\t\t\t\t\t\t<\/div>\n\t\t\t\t\t\t<div class='spectra-image-gallery__media-wrapper' data-spectra-gallery-image-id='2599' tabindex=\"0\">\n\t\t\t\t\t\t\t<div class=\"spectra-image-gallery__media spectra-image-gallery__media--grid\">\n\t\t\t\t<picture>\n\t\t\t\t\t<source media=\"(min-width: 1024px)\" srcset=\"https:\/\/www.rolland-design-creation.fr\/cosmetiques\/wp-content\/uploads\/2026\/03\/2147835588-1-1024x1024.jpg\">\n\t\t\t\t\t<source media=\"(min-width: 768px)\" srcset=\"https:\/\/www.rolland-design-creation.fr\/cosmetiques\/wp-content\/uploads\/2026\/03\/2147835588-1-1024x1024.jpg\">\n\t\t\t\t\t<img decoding=\"async\" class=\"spectra-image-gallery__media-thumbnail spectra-image-gallery__media-thumbnail--grid\" src=\"https:\/\/www.rolland-design-creation.fr\/cosmetiques\/wp-content\/uploads\/2026\/03\/2147835588-1-300x300.jpg\" alt=\"\" loading=\"lazy\" \/>\n\t\t\t\t<\/picture>\n\t\t\t\t<div class=\"spectra-image-gallery__media-thumbnail-blurrer\"><\/div>\n\t\t\t\t\t\t\t\t\t\t\t<div class=\"spectra-image-gallery__media-thumbnail-caption-wrapper spectra-image-gallery__media-thumbnail-caption-wrapper--overlay\"><\/div>\n\t\t\t\t\t\t\t\t<\/div>\n\t\t\t\t\t\t<\/div>\n\t\t\t\t\t\t<div class='spectra-image-gallery__media-wrapper' data-spectra-gallery-image-id='2600' tabindex=\"0\">\n\t\t\t\t\t\t\t<div class=\"spectra-image-gallery__media spectra-image-gallery__media--grid\">\n\t\t\t\t<picture>\n\t\t\t\t\t<source media=\"(min-width: 1024px)\" srcset=\"https:\/\/www.rolland-design-creation.fr\/cosmetiques\/wp-content\/uploads\/2026\/03\/2148945175-1024x684.jpg\">\n\t\t\t\t\t<source media=\"(min-width: 768px)\" srcset=\"https:\/\/www.rolland-design-creation.fr\/cosmetiques\/wp-content\/uploads\/2026\/03\/2148945175-1024x684.jpg\">\n\t\t\t\t\t<img decoding=\"async\" class=\"spectra-image-gallery__media-thumbnail spectra-image-gallery__media-thumbnail--grid\" src=\"https:\/\/www.rolland-design-creation.fr\/cosmetiques\/wp-content\/uploads\/2026\/03\/2148945175-300x200.jpg\" alt=\"\" loading=\"lazy\" \/>\n\t\t\t\t<\/picture>\n\t\t\t\t<div class=\"spectra-image-gallery__media-thumbnail-blurrer\"><\/div>\n\t\t\t\t\t\t\t\t\t\t\t<div class=\"spectra-image-gallery__media-thumbnail-caption-wrapper spectra-image-gallery__media-thumbnail-caption-wrapper--overlay\"><\/div>\n\t\t\t\t\t\t\t\t<\/div>\n\t\t\t\t\t\t<\/div>\n\t\t\t\t\t\t<div class='spectra-image-gallery__media-wrapper' data-spectra-gallery-image-id='2591' tabindex=\"0\">\n\t\t\t\t\t\t\t<div class=\"spectra-image-gallery__media spectra-image-gallery__media--grid\">\n\t\t\t\t<picture>\n\t\t\t\t\t<source media=\"(min-width: 1024px)\" srcset=\"https:\/\/www.rolland-design-creation.fr\/cosmetiques\/wp-content\/uploads\/2026\/03\/2149453567-682x1024.jpg\">\n\t\t\t\t\t<source media=\"(min-width: 768px)\" srcset=\"https:\/\/www.rolland-design-creation.fr\/cosmetiques\/wp-content\/uploads\/2026\/03\/2149453567-682x1024.jpg\">\n\t\t\t\t\t<img decoding=\"async\" class=\"spectra-image-gallery__media-thumbnail spectra-image-gallery__media-thumbnail--grid\" src=\"https:\/\/www.rolland-design-creation.fr\/cosmetiques\/wp-content\/uploads\/2026\/03\/2149453567-200x300.jpg\" alt=\"\" loading=\"lazy\" \/>\n\t\t\t\t<\/picture>\n\t\t\t\t<div class=\"spectra-image-gallery__media-thumbnail-blurrer\"><\/div>\n\t\t\t\t\t\t\t\t\t\t\t<div class=\"spectra-image-gallery__media-thumbnail-caption-wrapper spectra-image-gallery__media-thumbnail-caption-wrapper--overlay\"><\/div>\n\t\t\t\t\t\t\t\t<\/div>\n\t\t\t\t\t\t<\/div>\n\t\t\t\t\t\t\t\t\t\t<\/div>\n\t\t\t\t\t\t\t\t\t\t\t\t\t\t\t\t\t\t<\/div><\/div><\/div>","protected":false},"excerpt":{"rendered":"<p>Medias sociaux Notre histoire Plus qu\u2019une boutique, une histoire de peau et de c\u0153ur. Notre aventure est n\u00e9e d\u2019un souhait : aider chacun \u00e0 retrouver confiance dans sa peau. \u00c0 travers une s\u00e9lection de nettoyants doux et naturels, nous voulons simplifier votre routine tout en apportant du bien-\u00eatre. Chaque produit que nous proposons refl\u00e8te nos [&hellip;]<\/p>\n","protected":false},"author":1,"featured_media":0,"parent":0,"menu_order":0,"comment_status":"closed","ping_status":"closed","template":"","meta":{"_uag_custom_page_level_css":"","site-sidebar-layout":"no-sidebar","site-content-layout":"page-builder","ast-site-content-layout":"full-width-container","site-content-style":"unboxed","site-sidebar-style":"unboxed","ast-global-header-display":"","ast-banner-title-visibility":"","ast-main-header-display":"","ast-hfb-above-header-display":"","ast-hfb-below-header-display":"","ast-hfb-mobile-header-display":"","site-post-title":"disabled","ast-breadcrumbs-content":"disabled","ast-featured-img":"disabled","footer-sml-layout":"","theme-transparent-header-meta":"enabled","adv-header-id-meta":"","stick-header-meta":"","header-above-stick-meta":"","header-main-stick-meta":"","header-below-stick-meta":"","astra-migrate-meta-layouts":"set","ast-page-background-enabled":"default","ast-page-background-meta":{"desktop":{"background-color":"var(--ast-global-color-4)","background-image":"","background-repeat":"repeat","background-position":"center center","background-size":"auto","background-attachment":"scroll","background-type":"","background-media":"","overlay-type":"","overlay-color":"","overlay-opacity":"","overlay-gradient":""},"tablet":{"background-color":"","background-image":"","background-repeat":"repeat","background-position":"center center","background-size":"auto","background-attachment":"scroll","background-type":"","background-media":"","overlay-type":"","overlay-color":"","overlay-opacity":"","overlay-gradient":""},"mobile":{"background-color":"","background-image":"","background-repeat":"repeat","background-position":"center center","background-size":"auto","background-attachment":"scroll","background-type":"","background-media":"","overlay-type":"","overlay-color":"","overlay-opacity":"","overlay-gradient":""}},"ast-content-background-meta":{"desktop":{"background-color":"var(--ast-global-color-5)","background-image":"","background-repeat":"repeat","background-position":"center center","background-size":"auto","background-attachment":"scroll","background-type":"","background-media":"","overlay-type":"","overlay-color":"","overlay-opacity":"","overlay-gradient":""},"tablet":{"background-color":"var(--ast-global-color-5)","background-image":"","background-repeat":"repeat","background-position":"center center","background-size":"auto","background-attachment":"scroll","background-type":"","background-media":"","overlay-type":"","overlay-color":"","overlay-opacity":"","overlay-gradient":""},"mobile":{"background-color":"var(--ast-global-color-5)","background-image":"","background-repeat":"repeat","background-position":"center center","background-size":"auto","background-attachment":"scroll","background-type":"","background-media":"","overlay-type":"","overlay-color":"","overlay-opacity":"","overlay-gradient":""}},"footnotes":""},"class_list":["post-1116","page","type-page","status-publish","hentry"],"uagb_featured_image_src":{"full":false,"thumbnail":false,"medium":false,"medium_large":false,"large":false,"1536x1536":false,"2048x2048":false,"woocommerce_thumbnail":false,"woocommerce_single":false,"woocommerce_gallery_thumbnail":false,"yith-woocompare-image":false},"uagb_author_info":{"display_name":"webmaster","author_link":"https:\/\/www.rolland-design-creation.fr\/cosmetiques\/author\/webmaster\/"},"uagb_comment_info":0,"uagb_excerpt":"Medias sociaux Notre histoire Plus qu\u2019une boutique, une histoire de peau et de c\u0153ur. Notre aventure est n\u00e9e d\u2019un souhait : aider chacun \u00e0 retrouver confiance dans sa peau. \u00c0 travers une s\u00e9lection de nettoyants doux et naturels, nous voulons simplifier votre routine tout en apportant du bien-\u00eatre. Chaque produit que nous proposons refl\u00e8te nos\u2026","_links":{"self":[{"href":"https:\/\/www.rolland-design-creation.fr\/cosmetiques\/wp-json\/wp\/v2\/pages\/1116","targetHints":{"allow":["GET"]}}],"collection":[{"href":"https:\/\/www.rolland-design-creation.fr\/cosmetiques\/wp-json\/wp\/v2\/pages"}],"about":[{"href":"https:\/\/www.rolland-design-creation.fr\/cosmetiques\/wp-json\/wp\/v2\/types\/page"}],"author":[{"embeddable":true,"href":"https:\/\/www.rolland-design-creation.fr\/cosmetiques\/wp-json\/wp\/v2\/users\/1"}],"replies":[{"embeddable":true,"href":"https:\/\/www.rolland-design-creation.fr\/cosmetiques\/wp-json\/wp\/v2\/comments?post=1116"}],"version-history":[{"count":13,"href":"https:\/\/www.rolland-design-creation.fr\/cosmetiques\/wp-json\/wp\/v2\/pages\/1116\/revisions"}],"predecessor-version":[{"id":2602,"href":"https:\/\/www.rolland-design-creation.fr\/cosmetiques\/wp-json\/wp\/v2\/pages\/1116\/revisions\/2602"}],"wp:attachment":[{"href":"https:\/\/www.rolland-design-creation.fr\/cosmetiques\/wp-json\/wp\/v2\/media?parent=1116"}],"curies":[{"name":"wp","href":"https:\/\/api.w.org\/{rel}","templated":true}]}}