{"id":339,"date":"2025-05-29T01:45:02","date_gmt":"2025-05-28T23:45:02","guid":{"rendered":"https:\/\/www.rolland-design-creation.fr\/cosmetiques\/produit\/almond-milk-lotion\/"},"modified":"2026-03-24T16:01:18","modified_gmt":"2026-03-24T15:01:18","slug":"almond-milk-lotion","status":"publish","type":"product","link":"https:\/\/www.rolland-design-creation.fr\/cosmetiques\/produit\/almond-milk-lotion\/","title":{"rendered":"Lotion au lait d\u2019amande"},"content":{"rendered":"<p data-start=\"224\" data-end=\"533\">Offrez \u00e0 votre peau une caresse de douceur avec notre <strong data-start=\"278\" data-end=\"305\">Lotion au Lait d\u2019Amande<\/strong>, une formule l\u00e9g\u00e8re et d\u00e9licate enrichie en lait d\u2019amande naturel, reconnu pour ses propri\u00e9t\u00e9s hydratantes et apaisantes. Cette lotion p\u00e9n\u00e8tre rapidement, laissant la peau parfaitement hydrat\u00e9e, souple et d\u00e9licatement parfum\u00e9e.<\/p>\n<p data-start=\"535\" data-end=\"781\">Riche en vitamines et en acides gras essentiels, le lait d\u2019amande aide \u00e0 nourrir la peau en profondeur tout en renfor\u00e7ant sa barri\u00e8re naturelle. Sa texture fluide et non grasse convient \u00e0 tous les types de peau, m\u00eame les plus sensibles ou s\u00e8ches.<\/p>\n<p data-start=\"783\" data-end=\"927\">Id\u00e9ale pour un usage quotidien, cette lotion hydrate durablement et apaise les sensations d\u2019inconfort, tout en laissant un fini doux et velout\u00e9.<\/p>\n<p data-start=\"929\" data-end=\"1179\">\ud83c\udf3f <strong data-start=\"932\" data-end=\"979\">Formule naturelle enrichie en lait d\u2019amande<\/strong><br data-start=\"979\" data-end=\"982\" \/>\ud83d\udca7 <strong data-start=\"985\" data-end=\"1033\">Hydratation longue dur\u00e9e et confort imm\u00e9diat<\/strong><br data-start=\"1033\" data-end=\"1036\" \/>\u2728 <strong data-start=\"1038\" data-end=\"1077\">Texture l\u00e9g\u00e8re, douce et non grasse<\/strong><br data-start=\"1077\" data-end=\"1080\" \/>\ud83c\udf38 <strong data-start=\"1083\" data-end=\"1124\">Apaise et nourrit les peaux sensibles<\/strong><br data-start=\"1124\" data-end=\"1127\" \/>\u267b\ufe0f <strong data-start=\"1130\" data-end=\"1179\">Respectueuse de la peau et de l\u2019environnement<\/strong><\/p>\n<p data-start=\"1181\" data-end=\"1298\">Int\u00e9grez cette lotion au lait d\u2019amande dans votre routine beaut\u00e9 pour une peau douce, saine et \u00e9clatante de vitalit\u00e9.<\/p>\n","protected":false},"excerpt":{"rendered":"<p>Une lotion l\u00e9g\u00e8re et nourrissante, enrichie en lait d\u2019amande naturel, qui hydrate et apaise la peau en douceur. Parfaite pour tous les types de peau, m\u00eame sensibles.<\/p>\n","protected":false},"featured_media":2618,"comment_status":"open","ping_status":"closed","template":"","meta":{"_uag_custom_page_level_css":"","site-sidebar-layout":"default","site-content-layout":"content-boxed-container","ast-site-content-layout":"normal-width-container","site-content-style":"boxed","site-sidebar-style":"unboxed","ast-global-header-display":"","ast-banner-title-visibility":"","ast-main-header-display":"","ast-hfb-above-header-display":"","ast-hfb-below-header-display":"","ast-hfb-mobile-header-display":"","site-post-title":"","ast-breadcrumbs-content":"","ast-featured-img":"","footer-sml-layout":"","theme-transparent-header-meta":"default","adv-header-id-meta":"","stick-header-meta":"","header-above-stick-meta":"","header-main-stick-meta":"","header-below-stick-meta":"","astra-migrate-meta-layouts":"set","ast-page-background-enabled":"default","ast-page-background-meta":{"desktop":{"background-color":"var(--ast-global-color-4)","background-image":"","background-repeat":"repeat","background-position":"center center","background-size":"auto","background-attachment":"scroll","background-type":"","background-media":"","overlay-type":"","overlay-color":"","overlay-opacity":"","overlay-gradient":""},"tablet":{"background-color":"","background-image":"","background-repeat":"repeat","background-position":"center center","background-size":"auto","background-attachment":"scroll","background-type":"","background-media":"","overlay-type":"","overlay-color":"","overlay-opacity":"","overlay-gradient":""},"mobile":{"background-color":"","background-image":"","background-repeat":"repeat","background-position":"center center","background-size":"auto","background-attachment":"scroll","background-type":"","background-media":"","overlay-type":"","overlay-color":"","overlay-opacity":"","overlay-gradient":""}},"ast-content-background-meta":{"desktop":{"background-color":"var(--ast-global-color-5)","background-image":"","background-repeat":"repeat","background-position":"center center","background-size":"auto","background-attachment":"scroll","background-type":"","background-media":"","overlay-type":"","overlay-color":"","overlay-opacity":"","overlay-gradient":""},"tablet":{"background-color":"var(--ast-global-color-5)","background-image":"","background-repeat":"repeat","background-position":"center center","background-size":"auto","background-attachment":"scroll","background-type":"","background-media":"","overlay-type":"","overlay-color":"","overlay-opacity":"","overlay-gradient":""},"mobile":{"background-color":"var(--ast-global-color-5)","background-image":"","background-repeat":"repeat","background-position":"center center","background-size":"auto","background-attachment":"scroll","background-type":"","background-media":"","overlay-type":"","overlay-color":"","overlay-opacity":"","overlay-gradient":""}}},"product_brand":[],"product_cat":[24],"product_tag":[],"class_list":{"0":"post-339","1":"product","2":"type-product","3":"status-publish","4":"has-post-thumbnail","6":"product_cat-body-lotion","7":"desktop-align-left","8":"tablet-align-left","9":"mobile-align-left","11":"first","12":"instock","13":"shipping-taxable","14":"purchasable","15":"product-type-simple"},"uagb_featured_image_src":{"full":["https:\/\/www.rolland-design-creation.fr\/cosmetiques\/wp-content\/uploads\/2025\/05\/img-32-scaled.jpg",2560,1439,false],"thumbnail":["https:\/\/www.rolland-design-creation.fr\/cosmetiques\/wp-content\/uploads\/2025\/05\/img-32-150x150.jpg",150,150,true],"medium":["https:\/\/www.rolland-design-creation.fr\/cosmetiques\/wp-content\/uploads\/2025\/05\/img-32-300x169.jpg",300,169,true],"medium_large":["https:\/\/www.rolland-design-creation.fr\/cosmetiques\/wp-content\/uploads\/2025\/05\/img-32-768x432.jpg",768,432,true],"large":["https:\/\/www.rolland-design-creation.fr\/cosmetiques\/wp-content\/uploads\/2025\/05\/img-32-1024x576.jpg",1024,576,true],"1536x1536":["https:\/\/www.rolland-design-creation.fr\/cosmetiques\/wp-content\/uploads\/2025\/05\/img-32-1536x864.jpg",1536,864,true],"2048x2048":["https:\/\/www.rolland-design-creation.fr\/cosmetiques\/wp-content\/uploads\/2025\/05\/img-32-2048x1151.jpg",2048,1151,true],"woocommerce_thumbnail":["https:\/\/www.rolland-design-creation.fr\/cosmetiques\/wp-content\/uploads\/2025\/05\/img-32-300x300.jpg",300,300,true],"woocommerce_single":["https:\/\/www.rolland-design-creation.fr\/cosmetiques\/wp-content\/uploads\/2025\/05\/img-32-600x337.jpg",600,337,true],"woocommerce_gallery_thumbnail":["https:\/\/www.rolland-design-creation.fr\/cosmetiques\/wp-content\/uploads\/2025\/05\/img-32-100x100.jpg",100,100,true],"yith-woocompare-image":["https:\/\/www.rolland-design-creation.fr\/cosmetiques\/wp-content\/uploads\/2025\/05\/img-32-220x154.jpg",220,154,true]},"uagb_author_info":{"display_name":"webmaster","author_link":"https:\/\/www.rolland-design-creation.fr\/cosmetiques\/author\/"},"uagb_comment_info":0,"uagb_excerpt":"Une lotion l\u00e9g\u00e8re et nourrissante, enrichie en lait d\u2019amande naturel, qui hydrate et apaise la peau en douceur. Parfaite pour tous les types de peau, m\u00eame sensibles.","_links":{"self":[{"href":"https:\/\/www.rolland-design-creation.fr\/cosmetiques\/wp-json\/wp\/v2\/product\/339","targetHints":{"allow":["GET"]}}],"collection":[{"href":"https:\/\/www.rolland-design-creation.fr\/cosmetiques\/wp-json\/wp\/v2\/product"}],"about":[{"href":"https:\/\/www.rolland-design-creation.fr\/cosmetiques\/wp-json\/wp\/v2\/types\/product"}],"replies":[{"embeddable":true,"href":"https:\/\/www.rolland-design-creation.fr\/cosmetiques\/wp-json\/wp\/v2\/comments?post=339"}],"wp:featuredmedia":[{"embeddable":true,"href":"https:\/\/www.rolland-design-creation.fr\/cosmetiques\/wp-json\/wp\/v2\/media\/2618"}],"wp:attachment":[{"href":"https:\/\/www.rolland-design-creation.fr\/cosmetiques\/wp-json\/wp\/v2\/media?parent=339"}],"wp:term":[{"taxonomy":"product_brand","embeddable":true,"href":"https:\/\/www.rolland-design-creation.fr\/cosmetiques\/wp-json\/wp\/v2\/product_brand?post=339"},{"taxonomy":"product_cat","embeddable":true,"href":"https:\/\/www.rolland-design-creation.fr\/cosmetiques\/wp-json\/wp\/v2\/product_cat?post=339"},{"taxonomy":"product_tag","embeddable":true,"href":"https:\/\/www.rolland-design-creation.fr\/cosmetiques\/wp-json\/wp\/v2\/product_tag?post=339"}],"curies":[{"name":"wp","href":"https:\/\/api.w.org\/{rel}","templated":true}]}}