{"id":340,"date":"2025-05-29T01:45:02","date_gmt":"2025-05-28T23:45:02","guid":{"rendered":"https:\/\/www.rolland-design-creation.fr\/cosmetiques\/produit\/refreshing-cleansing-balm\/"},"modified":"2026-03-24T15:55:46","modified_gmt":"2026-03-24T14:55:46","slug":"refreshing-cleansing-balm","status":"publish","type":"product","link":"https:\/\/www.rolland-design-creation.fr\/cosmetiques\/produit\/refreshing-cleansing-balm\/","title":{"rendered":"Baume Nettoyant Rafra\u00eechissant"},"content":{"rendered":"<p data-start=\"244\" data-end=\"604\">D\u00e9couvrez la sensation unique de fra\u00eecheur et de puret\u00e9 avec notre <strong data-start=\"311\" data-end=\"345\">Baume Nettoyant Rafra\u00eechissant<\/strong>, con\u00e7u pour \u00e9liminer efficacement maquillage, impuret\u00e9s et exc\u00e8s de s\u00e9bum tout en apportant un coup de boost \u00e0 votre peau fatigu\u00e9e. Sa texture fondante se transforme en une huile l\u00e9g\u00e8re au contact de la peau, facilitant un nettoyage en douceur sans agresser.<\/p>\n<p data-start=\"606\" data-end=\"898\">Enrichi en extraits naturels revitalisants tels que l\u2019extrait de menthe poivr\u00e9e et l\u2019eau florale de concombre, ce baume nettoyant procure une sensation de fra\u00eecheur imm\u00e9diate qui tonifie et vivifie le teint. Il laisse la peau nette, douce et apais\u00e9e, tout en respectant son \u00e9quilibre naturel.<\/p>\n<p data-start=\"900\" data-end=\"1041\">Adapt\u00e9 \u00e0 tous les types de peau, m\u00eame sensibles, il convient parfaitement \u00e0 un usage quotidien pour un visage propre, lumineux et revitalis\u00e9.<\/p>\n<p data-start=\"1043\" data-end=\"1274\">\ud83c\udf3f <strong data-start=\"1046\" data-end=\"1086\">Formule naturelle et rafra\u00eechissante<\/strong><br data-start=\"1086\" data-end=\"1089\" \/>\u2744\ufe0f <strong data-start=\"1092\" data-end=\"1134\">Effet tonifiant et apaisant instantan\u00e9<\/strong><br data-start=\"1134\" data-end=\"1137\" \/>\ud83d\udca7 <strong data-start=\"1140\" data-end=\"1180\">Nettoie en profondeur sans dess\u00e9cher<\/strong><br data-start=\"1180\" data-end=\"1183\" \/>\u2728 <strong data-start=\"1185\" data-end=\"1220\">Texture fondante et sensorielle<\/strong><br data-start=\"1220\" data-end=\"1223\" \/>\u267b\ufe0f <strong data-start=\"1226\" data-end=\"1274\">Respectueux de la peau et de l\u2019environnement<\/strong><\/p>\n<p data-start=\"1276\" data-end=\"1389\">Adoptez ce baume nettoyant rafra\u00eechissant pour une routine d\u00e9maquillage alliant efficacit\u00e9, douceur et fra\u00eecheur.<\/p>\n","protected":false},"excerpt":{"rendered":"<p>Un baume fondant qui nettoie en douceur tout en apportant une sensation de fra\u00eecheur tonifiante. Id\u00e9al pour tous types de peau, m\u00eame sensibles.<\/p>\n","protected":false},"featured_media":2616,"comment_status":"open","ping_status":"closed","template":"","meta":{"_uag_custom_page_level_css":"","site-sidebar-layout":"default","site-content-layout":"content-boxed-container","ast-site-content-layout":"normal-width-container","site-content-style":"boxed","site-sidebar-style":"unboxed","ast-global-header-display":"","ast-banner-title-visibility":"","ast-main-header-display":"","ast-hfb-above-header-display":"","ast-hfb-below-header-display":"","ast-hfb-mobile-header-display":"","site-post-title":"","ast-breadcrumbs-content":"","ast-featured-img":"","footer-sml-layout":"","theme-transparent-header-meta":"default","adv-header-id-meta":"","stick-header-meta":"","header-above-stick-meta":"","header-main-stick-meta":"","header-below-stick-meta":"","astra-migrate-meta-layouts":"set","ast-page-background-enabled":"default","ast-page-background-meta":{"desktop":{"background-color":"var(--ast-global-color-4)","background-image":"","background-repeat":"repeat","background-position":"center center","background-size":"auto","background-attachment":"scroll","background-type":"","background-media":"","overlay-type":"","overlay-color":"","overlay-opacity":"","overlay-gradient":""},"tablet":{"background-color":"","background-image":"","background-repeat":"repeat","background-position":"center center","background-size":"auto","background-attachment":"scroll","background-type":"","background-media":"","overlay-type":"","overlay-color":"","overlay-opacity":"","overlay-gradient":""},"mobile":{"background-color":"","background-image":"","background-repeat":"repeat","background-position":"center center","background-size":"auto","background-attachment":"scroll","background-type":"","background-media":"","overlay-type":"","overlay-color":"","overlay-opacity":"","overlay-gradient":""}},"ast-content-background-meta":{"desktop":{"background-color":"var(--ast-global-color-5)","background-image":"","background-repeat":"repeat","background-position":"center center","background-size":"auto","background-attachment":"scroll","background-type":"","background-media":"","overlay-type":"","overlay-color":"","overlay-opacity":"","overlay-gradient":""},"tablet":{"background-color":"var(--ast-global-color-5)","background-image":"","background-repeat":"repeat","background-position":"center center","background-size":"auto","background-attachment":"scroll","background-type":"","background-media":"","overlay-type":"","overlay-color":"","overlay-opacity":"","overlay-gradient":""},"mobile":{"background-color":"var(--ast-global-color-5)","background-image":"","background-repeat":"repeat","background-position":"center center","background-size":"auto","background-attachment":"scroll","background-type":"","background-media":"","overlay-type":"","overlay-color":"","overlay-opacity":"","overlay-gradient":""}}},"product_brand":[],"product_cat":[26],"product_tag":[],"class_list":{"0":"post-340","1":"product","2":"type-product","3":"status-publish","4":"has-post-thumbnail","6":"product_cat-cleanser","7":"desktop-align-left","8":"tablet-align-left","9":"mobile-align-left","11":"first","12":"instock","13":"shipping-taxable","14":"purchasable","15":"product-type-simple"},"uagb_featured_image_src":{"full":["https:\/\/www.rolland-design-creation.fr\/cosmetiques\/wp-content\/uploads\/2025\/05\/img-7-scaled.jpg",2560,1439,false],"thumbnail":["https:\/\/www.rolland-design-creation.fr\/cosmetiques\/wp-content\/uploads\/2025\/05\/img-7-150x150.jpg",150,150,true],"medium":["https:\/\/www.rolland-design-creation.fr\/cosmetiques\/wp-content\/uploads\/2025\/05\/img-7-300x169.jpg",300,169,true],"medium_large":["https:\/\/www.rolland-design-creation.fr\/cosmetiques\/wp-content\/uploads\/2025\/05\/img-7-768x432.jpg",768,432,true],"large":["https:\/\/www.rolland-design-creation.fr\/cosmetiques\/wp-content\/uploads\/2025\/05\/img-7-1024x576.jpg",1024,576,true],"1536x1536":["https:\/\/www.rolland-design-creation.fr\/cosmetiques\/wp-content\/uploads\/2025\/05\/img-7-1536x864.jpg",1536,864,true],"2048x2048":["https:\/\/www.rolland-design-creation.fr\/cosmetiques\/wp-content\/uploads\/2025\/05\/img-7-2048x1151.jpg",2048,1151,true],"woocommerce_thumbnail":["https:\/\/www.rolland-design-creation.fr\/cosmetiques\/wp-content\/uploads\/2025\/05\/img-7-300x300.jpg",300,300,true],"woocommerce_single":["https:\/\/www.rolland-design-creation.fr\/cosmetiques\/wp-content\/uploads\/2025\/05\/img-7-600x337.jpg",600,337,true],"woocommerce_gallery_thumbnail":["https:\/\/www.rolland-design-creation.fr\/cosmetiques\/wp-content\/uploads\/2025\/05\/img-7-100x100.jpg",100,100,true],"yith-woocompare-image":["https:\/\/www.rolland-design-creation.fr\/cosmetiques\/wp-content\/uploads\/2025\/05\/img-7-220x154.jpg",220,154,true]},"uagb_author_info":{"display_name":"webmaster","author_link":"https:\/\/www.rolland-design-creation.fr\/cosmetiques\/author\/"},"uagb_comment_info":0,"uagb_excerpt":"Un baume fondant qui nettoie en douceur tout en apportant une sensation de fra\u00eecheur tonifiante. Id\u00e9al pour tous types de peau, m\u00eame sensibles.","_links":{"self":[{"href":"https:\/\/www.rolland-design-creation.fr\/cosmetiques\/wp-json\/wp\/v2\/product\/340","targetHints":{"allow":["GET"]}}],"collection":[{"href":"https:\/\/www.rolland-design-creation.fr\/cosmetiques\/wp-json\/wp\/v2\/product"}],"about":[{"href":"https:\/\/www.rolland-design-creation.fr\/cosmetiques\/wp-json\/wp\/v2\/types\/product"}],"replies":[{"embeddable":true,"href":"https:\/\/www.rolland-design-creation.fr\/cosmetiques\/wp-json\/wp\/v2\/comments?post=340"}],"wp:featuredmedia":[{"embeddable":true,"href":"https:\/\/www.rolland-design-creation.fr\/cosmetiques\/wp-json\/wp\/v2\/media\/2616"}],"wp:attachment":[{"href":"https:\/\/www.rolland-design-creation.fr\/cosmetiques\/wp-json\/wp\/v2\/media?parent=340"}],"wp:term":[{"taxonomy":"product_brand","embeddable":true,"href":"https:\/\/www.rolland-design-creation.fr\/cosmetiques\/wp-json\/wp\/v2\/product_brand?post=340"},{"taxonomy":"product_cat","embeddable":true,"href":"https:\/\/www.rolland-design-creation.fr\/cosmetiques\/wp-json\/wp\/v2\/product_cat?post=340"},{"taxonomy":"product_tag","embeddable":true,"href":"https:\/\/www.rolland-design-creation.fr\/cosmetiques\/wp-json\/wp\/v2\/product_tag?post=340"}],"curies":[{"name":"wp","href":"https:\/\/api.w.org\/{rel}","templated":true}]}}