{"id":341,"date":"2025-05-29T01:45:02","date_gmt":"2025-05-28T23:45:02","guid":{"rendered":"https:\/\/www.rolland-design-creation.fr\/cosmetiques\/produit\/cream-to-foam-lotion\/"},"modified":"2026-03-24T16:00:22","modified_gmt":"2026-03-24T15:00:22","slug":"cream-to-foam-lotion","status":"publish","type":"product","link":"https:\/\/www.rolland-design-creation.fr\/cosmetiques\/produit\/cream-to-foam-lotion\/","title":{"rendered":"Lotion Cr\u00e8me Moussante"},"content":{"rendered":"<p data-start=\"221\" data-end=\"622\">D\u00e9couvrez la douceur d\u2019un nettoyage en profondeur avec notre <strong data-start=\"282\" data-end=\"308\">Lotion Cr\u00e8me Moussante<\/strong>, une formule innovante qui allie la richesse d\u2019une cr\u00e8me velout\u00e9e \u00e0 la fra\u00eecheur d\u2019une mousse l\u00e9g\u00e8re et a\u00e9rienne. Au contact de l\u2019eau, cette lotion se transforme en une mousse d\u00e9licate qui \u00e9limine efficacement les impuret\u00e9s, le s\u00e9bum et les traces de maquillage, tout en respectant l\u2019\u00e9quilibre naturel de la peau.<\/p>\n<p data-start=\"624\" data-end=\"895\">Enrichie en agents hydratants et apaisants, comme l\u2019extrait d\u2019avoine et l\u2019huile de cam\u00e9lia, cette lotion nettoyante purifie la peau sans la dess\u00e9cher. Elle laisse un teint frais, lumineux et parfaitement nettoy\u00e9, id\u00e9al pour pr\u00e9parer la peau \u00e0 recevoir les soins suivants.<\/p>\n<p data-start=\"897\" data-end=\"1005\">Convient \u00e0 tous les types de peau, y compris les peaux sensibles, gr\u00e2ce \u00e0 sa texture douce et non irritante.<\/p>\n<p data-start=\"1007\" data-end=\"1232\">\u2728 <strong data-start=\"1009\" data-end=\"1048\">Nettoie en profondeur sans agresser<\/strong><br data-start=\"1048\" data-end=\"1051\" \/>\ud83d\udca7 <strong data-start=\"1054\" data-end=\"1083\">Hydrate et apaise la peau<\/strong><br data-start=\"1083\" data-end=\"1086\" \/>\ud83c\udf38 <strong data-start=\"1089\" data-end=\"1141\">Texture cr\u00e8me qui se transforme en mousse l\u00e9g\u00e8re<\/strong><br data-start=\"1141\" data-end=\"1144\" \/>\ud83c\udf3f <strong data-start=\"1147\" data-end=\"1177\">Formule douce et naturelle<\/strong><br data-start=\"1177\" data-end=\"1180\" \/>\u267b\ufe0f <strong data-start=\"1183\" data-end=\"1232\">Respectueuse de la peau et de l\u2019environnement<\/strong><\/p>\n<p data-start=\"1234\" data-end=\"1334\">Offrez \u00e0 votre peau un moment de puret\u00e9 et de douceur chaque jour avec cette lotion cr\u00e8me moussante.<\/p>\n","protected":false},"excerpt":{"rendered":"<p>Une lotion douce qui se transforme en mousse l\u00e9g\u00e8re pour nettoyer efficacement la peau tout en la nourrissant. Convient \u00e0 tous types de peau.<\/p>\n","protected":false},"featured_media":2617,"comment_status":"open","ping_status":"closed","template":"","meta":{"_uag_custom_page_level_css":"","site-sidebar-layout":"default","site-content-layout":"content-boxed-container","ast-site-content-layout":"normal-width-container","site-content-style":"boxed","site-sidebar-style":"unboxed","ast-global-header-display":"","ast-banner-title-visibility":"","ast-main-header-display":"","ast-hfb-above-header-display":"","ast-hfb-below-header-display":"","ast-hfb-mobile-header-display":"","site-post-title":"","ast-breadcrumbs-content":"","ast-featured-img":"","footer-sml-layout":"","theme-transparent-header-meta":"default","adv-header-id-meta":"","stick-header-meta":"","header-above-stick-meta":"","header-main-stick-meta":"","header-below-stick-meta":"","astra-migrate-meta-layouts":"set","ast-page-background-enabled":"default","ast-page-background-meta":{"desktop":{"background-color":"var(--ast-global-color-4)","background-image":"","background-repeat":"repeat","background-position":"center center","background-size":"auto","background-attachment":"scroll","background-type":"","background-media":"","overlay-type":"","overlay-color":"","overlay-opacity":"","overlay-gradient":""},"tablet":{"background-color":"","background-image":"","background-repeat":"repeat","background-position":"center center","background-size":"auto","background-attachment":"scroll","background-type":"","background-media":"","overlay-type":"","overlay-color":"","overlay-opacity":"","overlay-gradient":""},"mobile":{"background-color":"","background-image":"","background-repeat":"repeat","background-position":"center center","background-size":"auto","background-attachment":"scroll","background-type":"","background-media":"","overlay-type":"","overlay-color":"","overlay-opacity":"","overlay-gradient":""}},"ast-content-background-meta":{"desktop":{"background-color":"var(--ast-global-color-5)","background-image":"","background-repeat":"repeat","background-position":"center center","background-size":"auto","background-attachment":"scroll","background-type":"","background-media":"","overlay-type":"","overlay-color":"","overlay-opacity":"","overlay-gradient":""},"tablet":{"background-color":"var(--ast-global-color-5)","background-image":"","background-repeat":"repeat","background-position":"center center","background-size":"auto","background-attachment":"scroll","background-type":"","background-media":"","overlay-type":"","overlay-color":"","overlay-opacity":"","overlay-gradient":""},"mobile":{"background-color":"var(--ast-global-color-5)","background-image":"","background-repeat":"repeat","background-position":"center center","background-size":"auto","background-attachment":"scroll","background-type":"","background-media":"","overlay-type":"","overlay-color":"","overlay-opacity":"","overlay-gradient":""}}},"product_brand":[],"product_cat":[24],"product_tag":[],"class_list":{"0":"post-341","1":"product","2":"type-product","3":"status-publish","4":"has-post-thumbnail","6":"product_cat-body-lotion","7":"desktop-align-left","8":"tablet-align-left","9":"mobile-align-left","11":"first","12":"instock","13":"shipping-taxable","14":"purchasable","15":"product-type-simple"},"uagb_featured_image_src":{"full":["https:\/\/www.rolland-design-creation.fr\/cosmetiques\/wp-content\/uploads\/2025\/05\/img-34-scaled.jpg",2560,1439,false],"thumbnail":["https:\/\/www.rolland-design-creation.fr\/cosmetiques\/wp-content\/uploads\/2025\/05\/img-34-150x150.jpg",150,150,true],"medium":["https:\/\/www.rolland-design-creation.fr\/cosmetiques\/wp-content\/uploads\/2025\/05\/img-34-300x169.jpg",300,169,true],"medium_large":["https:\/\/www.rolland-design-creation.fr\/cosmetiques\/wp-content\/uploads\/2025\/05\/img-34-768x432.jpg",768,432,true],"large":["https:\/\/www.rolland-design-creation.fr\/cosmetiques\/wp-content\/uploads\/2025\/05\/img-34-1024x576.jpg",1024,576,true],"1536x1536":["https:\/\/www.rolland-design-creation.fr\/cosmetiques\/wp-content\/uploads\/2025\/05\/img-34-1536x864.jpg",1536,864,true],"2048x2048":["https:\/\/www.rolland-design-creation.fr\/cosmetiques\/wp-content\/uploads\/2025\/05\/img-34-2048x1151.jpg",2048,1151,true],"woocommerce_thumbnail":["https:\/\/www.rolland-design-creation.fr\/cosmetiques\/wp-content\/uploads\/2025\/05\/img-34-300x300.jpg",300,300,true],"woocommerce_single":["https:\/\/www.rolland-design-creation.fr\/cosmetiques\/wp-content\/uploads\/2025\/05\/img-34-600x337.jpg",600,337,true],"woocommerce_gallery_thumbnail":["https:\/\/www.rolland-design-creation.fr\/cosmetiques\/wp-content\/uploads\/2025\/05\/img-34-100x100.jpg",100,100,true],"yith-woocompare-image":["https:\/\/www.rolland-design-creation.fr\/cosmetiques\/wp-content\/uploads\/2025\/05\/img-34-220x154.jpg",220,154,true]},"uagb_author_info":{"display_name":"webmaster","author_link":"https:\/\/www.rolland-design-creation.fr\/cosmetiques\/author\/"},"uagb_comment_info":0,"uagb_excerpt":"Une lotion douce qui se transforme en mousse l\u00e9g\u00e8re pour nettoyer efficacement la peau tout en la nourrissant. Convient \u00e0 tous types de peau.","_links":{"self":[{"href":"https:\/\/www.rolland-design-creation.fr\/cosmetiques\/wp-json\/wp\/v2\/product\/341","targetHints":{"allow":["GET"]}}],"collection":[{"href":"https:\/\/www.rolland-design-creation.fr\/cosmetiques\/wp-json\/wp\/v2\/product"}],"about":[{"href":"https:\/\/www.rolland-design-creation.fr\/cosmetiques\/wp-json\/wp\/v2\/types\/product"}],"replies":[{"embeddable":true,"href":"https:\/\/www.rolland-design-creation.fr\/cosmetiques\/wp-json\/wp\/v2\/comments?post=341"}],"wp:featuredmedia":[{"embeddable":true,"href":"https:\/\/www.rolland-design-creation.fr\/cosmetiques\/wp-json\/wp\/v2\/media\/2617"}],"wp:attachment":[{"href":"https:\/\/www.rolland-design-creation.fr\/cosmetiques\/wp-json\/wp\/v2\/media?parent=341"}],"wp:term":[{"taxonomy":"product_brand","embeddable":true,"href":"https:\/\/www.rolland-design-creation.fr\/cosmetiques\/wp-json\/wp\/v2\/product_brand?post=341"},{"taxonomy":"product_cat","embeddable":true,"href":"https:\/\/www.rolland-design-creation.fr\/cosmetiques\/wp-json\/wp\/v2\/product_cat?post=341"},{"taxonomy":"product_tag","embeddable":true,"href":"https:\/\/www.rolland-design-creation.fr\/cosmetiques\/wp-json\/wp\/v2\/product_tag?post=341"}],"curies":[{"name":"wp","href":"https:\/\/api.w.org\/{rel}","templated":true}]}}