{"id":342,"date":"2025-05-29T01:45:04","date_gmt":"2025-05-28T23:45:04","guid":{"rendered":"https:\/\/www.rolland-design-creation.fr\/cosmetiques\/produit\/milky-gentle-cleanser\/"},"modified":"2026-03-24T14:36:58","modified_gmt":"2026-03-24T13:36:58","slug":"milky-gentle-cleanser","status":"publish","type":"product","link":"https:\/\/www.rolland-design-creation.fr\/cosmetiques\/produit\/milky-gentle-cleanser\/","title":{"rendered":"Nettoyant doux au lai"},"content":{"rendered":"<p data-start=\"168\" data-end=\"537\">Offrez \u00e0 votre peau un moment de douceur avec notre <strong data-start=\"220\" data-end=\"246\">Nettoyant Doux au Lait<\/strong>, formul\u00e9 \u00e0 base d\u2019ingr\u00e9dients naturels pour nettoyer sans agresser. Sa texture onctueuse et lact\u00e9e \u00e9limine les impuret\u00e9s tout en respectant l\u2019\u00e9quilibre naturel de la peau. Enrichi en agents hydratants et apaisants, il convient parfaitement \u00e0 tous les types de peau, m\u00eame les plus sensibles.<\/p>\n<p data-start=\"539\" data-end=\"752\">\ud83c\udf3f <strong data-start=\"542\" data-end=\"562\">100 % biologique<\/strong> \u2013 Sans produits chimiques, sans parab\u00e8nes, ni sulfates.<br data-start=\"618\" data-end=\"621\" \/>\ud83d\udca7 <strong data-start=\"624\" data-end=\"655\">Hydrate, nettoie et adoucit<\/strong> en un seul geste.<br data-start=\"673\" data-end=\"676\" \/>\ud83c\udf38 <strong data-start=\"679\" data-end=\"706\">Parfum l\u00e9ger et naturel<\/strong> pour une sensation de fra\u00eecheur au quotidien.<\/p>\n<p data-start=\"754\" data-end=\"838\">Utilisez-le matin et soir pour une peau nette, souple et lumineuse, jour apr\u00e8s jour.<\/p>\n","protected":false},"excerpt":{"rendered":"<p>Un nettoyant 100 % bio qui nettoie en douceur, hydrate et respecte tous les types de peau. Sa texture lact\u00e9e apaise et laisse la peau propre, souple et fra\u00eeche. Sans produits chimiques, ni parab\u00e8nes.<\/p>\n","protected":false},"featured_media":2578,"comment_status":"open","ping_status":"closed","template":"","meta":{"_uag_custom_page_level_css":"","site-sidebar-layout":"default","site-content-layout":"content-boxed-container","ast-site-content-layout":"normal-width-container","site-content-style":"boxed","site-sidebar-style":"unboxed","ast-global-header-display":"","ast-banner-title-visibility":"","ast-main-header-display":"","ast-hfb-above-header-display":"","ast-hfb-below-header-display":"","ast-hfb-mobile-header-display":"","site-post-title":"","ast-breadcrumbs-content":"","ast-featured-img":"","footer-sml-layout":"","theme-transparent-header-meta":"default","adv-header-id-meta":"","stick-header-meta":"","header-above-stick-meta":"","header-main-stick-meta":"","header-below-stick-meta":"","astra-migrate-meta-layouts":"set","ast-page-background-enabled":"default","ast-page-background-meta":{"desktop":{"background-color":"var(--ast-global-color-4)","background-image":"","background-repeat":"repeat","background-position":"center center","background-size":"auto","background-attachment":"scroll","background-type":"","background-media":"","overlay-type":"","overlay-color":"","overlay-opacity":"","overlay-gradient":""},"tablet":{"background-color":"","background-image":"","background-repeat":"repeat","background-position":"center center","background-size":"auto","background-attachment":"scroll","background-type":"","background-media":"","overlay-type":"","overlay-color":"","overlay-opacity":"","overlay-gradient":""},"mobile":{"background-color":"","background-image":"","background-repeat":"repeat","background-position":"center center","background-size":"auto","background-attachment":"scroll","background-type":"","background-media":"","overlay-type":"","overlay-color":"","overlay-opacity":"","overlay-gradient":""}},"ast-content-background-meta":{"desktop":{"background-color":"var(--ast-global-color-5)","background-image":"","background-repeat":"repeat","background-position":"center center","background-size":"auto","background-attachment":"scroll","background-type":"","background-media":"","overlay-type":"","overlay-color":"","overlay-opacity":"","overlay-gradient":""},"tablet":{"background-color":"var(--ast-global-color-5)","background-image":"","background-repeat":"repeat","background-position":"center center","background-size":"auto","background-attachment":"scroll","background-type":"","background-media":"","overlay-type":"","overlay-color":"","overlay-opacity":"","overlay-gradient":""},"mobile":{"background-color":"var(--ast-global-color-5)","background-image":"","background-repeat":"repeat","background-position":"center center","background-size":"auto","background-attachment":"scroll","background-type":"","background-media":"","overlay-type":"","overlay-color":"","overlay-opacity":"","overlay-gradient":""}}},"product_brand":[],"product_cat":[26],"product_tag":[],"class_list":{"0":"post-342","1":"product","2":"type-product","3":"status-publish","4":"has-post-thumbnail","6":"product_cat-cleanser","7":"desktop-align-left","8":"tablet-align-left","9":"mobile-align-left","11":"first","12":"instock","13":"shipping-taxable","14":"purchasable","15":"product-type-simple"},"uagb_featured_image_src":{"full":["https:\/\/www.rolland-design-creation.fr\/cosmetiques\/wp-content\/uploads\/2025\/05\/img-1-scaled.jpg",2560,1439,false],"thumbnail":["https:\/\/www.rolland-design-creation.fr\/cosmetiques\/wp-content\/uploads\/2025\/05\/img-1-150x150.jpg",150,150,true],"medium":["https:\/\/www.rolland-design-creation.fr\/cosmetiques\/wp-content\/uploads\/2025\/05\/img-1-300x169.jpg",300,169,true],"medium_large":["https:\/\/www.rolland-design-creation.fr\/cosmetiques\/wp-content\/uploads\/2025\/05\/img-1-768x432.jpg",768,432,true],"large":["https:\/\/www.rolland-design-creation.fr\/cosmetiques\/wp-content\/uploads\/2025\/05\/img-1-1024x576.jpg",1024,576,true],"1536x1536":["https:\/\/www.rolland-design-creation.fr\/cosmetiques\/wp-content\/uploads\/2025\/05\/img-1-1536x864.jpg",1536,864,true],"2048x2048":["https:\/\/www.rolland-design-creation.fr\/cosmetiques\/wp-content\/uploads\/2025\/05\/img-1-2048x1151.jpg",2048,1151,true],"woocommerce_thumbnail":["https:\/\/www.rolland-design-creation.fr\/cosmetiques\/wp-content\/uploads\/2025\/05\/img-1-300x300.jpg",300,300,true],"woocommerce_single":["https:\/\/www.rolland-design-creation.fr\/cosmetiques\/wp-content\/uploads\/2025\/05\/img-1-600x337.jpg",600,337,true],"woocommerce_gallery_thumbnail":["https:\/\/www.rolland-design-creation.fr\/cosmetiques\/wp-content\/uploads\/2025\/05\/img-1-100x100.jpg",100,100,true],"yith-woocompare-image":["https:\/\/www.rolland-design-creation.fr\/cosmetiques\/wp-content\/uploads\/2025\/05\/img-1-220x154.jpg",220,154,true]},"uagb_author_info":{"display_name":"webmaster","author_link":"https:\/\/www.rolland-design-creation.fr\/cosmetiques\/author\/"},"uagb_comment_info":0,"uagb_excerpt":"Un nettoyant 100 % bio qui nettoie en douceur, hydrate et respecte tous les types de peau. Sa texture lact\u00e9e apaise et laisse la peau propre, souple et fra\u00eeche. Sans produits chimiques, ni parab\u00e8nes.","_links":{"self":[{"href":"https:\/\/www.rolland-design-creation.fr\/cosmetiques\/wp-json\/wp\/v2\/product\/342","targetHints":{"allow":["GET"]}}],"collection":[{"href":"https:\/\/www.rolland-design-creation.fr\/cosmetiques\/wp-json\/wp\/v2\/product"}],"about":[{"href":"https:\/\/www.rolland-design-creation.fr\/cosmetiques\/wp-json\/wp\/v2\/types\/product"}],"replies":[{"embeddable":true,"href":"https:\/\/www.rolland-design-creation.fr\/cosmetiques\/wp-json\/wp\/v2\/comments?post=342"}],"wp:featuredmedia":[{"embeddable":true,"href":"https:\/\/www.rolland-design-creation.fr\/cosmetiques\/wp-json\/wp\/v2\/media\/2578"}],"wp:attachment":[{"href":"https:\/\/www.rolland-design-creation.fr\/cosmetiques\/wp-json\/wp\/v2\/media?parent=342"}],"wp:term":[{"taxonomy":"product_brand","embeddable":true,"href":"https:\/\/www.rolland-design-creation.fr\/cosmetiques\/wp-json\/wp\/v2\/product_brand?post=342"},{"taxonomy":"product_cat","embeddable":true,"href":"https:\/\/www.rolland-design-creation.fr\/cosmetiques\/wp-json\/wp\/v2\/product_cat?post=342"},{"taxonomy":"product_tag","embeddable":true,"href":"https:\/\/www.rolland-design-creation.fr\/cosmetiques\/wp-json\/wp\/v2\/product_tag?post=342"}],"curies":[{"name":"wp","href":"https:\/\/api.w.org\/{rel}","templated":true}]}}