{"id":361,"date":"2025-05-29T01:45:04","date_gmt":"2025-05-28T23:45:04","guid":{"rendered":"https:\/\/www.rolland-design-creation.fr\/cosmetiques\/produit\/complex-sunscreen-balm\/"},"modified":"2026-03-24T15:47:31","modified_gmt":"2026-03-24T14:47:31","slug":"complex-sunscreen-balm","status":"publish","type":"product","link":"https:\/\/www.rolland-design-creation.fr\/cosmetiques\/produit\/complex-sunscreen-balm\/","title":{"rendered":"Baume solaire complexe"},"content":{"rendered":"<p data-start=\"209\" data-end=\"513\">Un soin solaire complet \u00e0 la texture fondante, formul\u00e9 avec des ingr\u00e9dients naturels pour prot\u00e9ger, nourrir et apaiser la peau. Sa formule bio offre une protection efficace contre les rayons UV tout en hydratant intens\u00e9ment. Id\u00e9al pour tous les types de peau, m\u00eame sensibles.<\/p>\n<p data-start=\"515\" data-end=\"648\">\ud83c\udf3f Protection naturelle \u2022 \u2600\ufe0f Filtre min\u00e9ral \u2022 \ud83d\udca7 Hydratation longue dur\u00e9e<br data-start=\"588\" data-end=\"591\" \/>Sans parab\u00e8nes, sans filtres chimiques, 100 % biologique.<\/p>\n","protected":false},"excerpt":{"rendered":"<p>Le <em data-start=\"753\" data-end=\"777\">Baume Solaire Complexe<\/em> prot\u00e8ge votre peau du soleil tout en la nourrissant intens\u00e9ment. Texture douce, fini non gras, et formulation bio \ud83c\udf3f<br data-start=\"894\" data-end=\"897\" \/>\ud83d\udc52 Pour toutes les peaux, m\u00eame les plus d\u00e9licates.<\/p>\n","protected":false},"featured_media":2606,"comment_status":"open","ping_status":"closed","template":"","meta":{"_uag_custom_page_level_css":"","site-sidebar-layout":"default","site-content-layout":"content-boxed-container","ast-site-content-layout":"normal-width-container","site-content-style":"boxed","site-sidebar-style":"unboxed","ast-global-header-display":"","ast-banner-title-visibility":"","ast-main-header-display":"","ast-hfb-above-header-display":"","ast-hfb-below-header-display":"","ast-hfb-mobile-header-display":"","site-post-title":"","ast-breadcrumbs-content":"","ast-featured-img":"","footer-sml-layout":"","theme-transparent-header-meta":"default","adv-header-id-meta":"","stick-header-meta":"","header-above-stick-meta":"","header-main-stick-meta":"","header-below-stick-meta":"","astra-migrate-meta-layouts":"set","ast-page-background-enabled":"default","ast-page-background-meta":{"desktop":{"background-color":"var(--ast-global-color-4)","background-image":"","background-repeat":"repeat","background-position":"center center","background-size":"auto","background-attachment":"scroll","background-type":"","background-media":"","overlay-type":"","overlay-color":"","overlay-opacity":"","overlay-gradient":""},"tablet":{"background-color":"","background-image":"","background-repeat":"repeat","background-position":"center center","background-size":"auto","background-attachment":"scroll","background-type":"","background-media":"","overlay-type":"","overlay-color":"","overlay-opacity":"","overlay-gradient":""},"mobile":{"background-color":"","background-image":"","background-repeat":"repeat","background-position":"center center","background-size":"auto","background-attachment":"scroll","background-type":"","background-media":"","overlay-type":"","overlay-color":"","overlay-opacity":"","overlay-gradient":""}},"ast-content-background-meta":{"desktop":{"background-color":"var(--ast-global-color-5)","background-image":"","background-repeat":"repeat","background-position":"center center","background-size":"auto","background-attachment":"scroll","background-type":"","background-media":"","overlay-type":"","overlay-color":"","overlay-opacity":"","overlay-gradient":""},"tablet":{"background-color":"var(--ast-global-color-5)","background-image":"","background-repeat":"repeat","background-position":"center center","background-size":"auto","background-attachment":"scroll","background-type":"","background-media":"","overlay-type":"","overlay-color":"","overlay-opacity":"","overlay-gradient":""},"mobile":{"background-color":"var(--ast-global-color-5)","background-image":"","background-repeat":"repeat","background-position":"center center","background-size":"auto","background-attachment":"scroll","background-type":"","background-media":"","overlay-type":"","overlay-color":"","overlay-opacity":"","overlay-gradient":""}}},"product_brand":[],"product_cat":[28],"product_tag":[],"class_list":{"0":"post-361","1":"product","2":"type-product","3":"status-publish","4":"has-post-thumbnail","6":"product_cat-sunscreens","7":"desktop-align-left","8":"tablet-align-left","9":"mobile-align-left","11":"first","12":"instock","13":"shipping-taxable","14":"purchasable","15":"product-type-simple"},"uagb_featured_image_src":{"full":["https:\/\/www.rolland-design-creation.fr\/cosmetiques\/wp-content\/uploads\/2025\/05\/img-22-scaled.jpg",2560,1439,false],"thumbnail":["https:\/\/www.rolland-design-creation.fr\/cosmetiques\/wp-content\/uploads\/2025\/05\/img-22-150x150.jpg",150,150,true],"medium":["https:\/\/www.rolland-design-creation.fr\/cosmetiques\/wp-content\/uploads\/2025\/05\/img-22-300x169.jpg",300,169,true],"medium_large":["https:\/\/www.rolland-design-creation.fr\/cosmetiques\/wp-content\/uploads\/2025\/05\/img-22-768x432.jpg",768,432,true],"large":["https:\/\/www.rolland-design-creation.fr\/cosmetiques\/wp-content\/uploads\/2025\/05\/img-22-1024x576.jpg",1024,576,true],"1536x1536":["https:\/\/www.rolland-design-creation.fr\/cosmetiques\/wp-content\/uploads\/2025\/05\/img-22-1536x864.jpg",1536,864,true],"2048x2048":["https:\/\/www.rolland-design-creation.fr\/cosmetiques\/wp-content\/uploads\/2025\/05\/img-22-2048x1151.jpg",2048,1151,true],"woocommerce_thumbnail":["https:\/\/www.rolland-design-creation.fr\/cosmetiques\/wp-content\/uploads\/2025\/05\/img-22-300x300.jpg",300,300,true],"woocommerce_single":["https:\/\/www.rolland-design-creation.fr\/cosmetiques\/wp-content\/uploads\/2025\/05\/img-22-600x337.jpg",600,337,true],"woocommerce_gallery_thumbnail":["https:\/\/www.rolland-design-creation.fr\/cosmetiques\/wp-content\/uploads\/2025\/05\/img-22-100x100.jpg",100,100,true],"yith-woocompare-image":["https:\/\/www.rolland-design-creation.fr\/cosmetiques\/wp-content\/uploads\/2025\/05\/img-22-220x154.jpg",220,154,true]},"uagb_author_info":{"display_name":"webmaster","author_link":"https:\/\/www.rolland-design-creation.fr\/cosmetiques\/author\/"},"uagb_comment_info":0,"uagb_excerpt":"Le Baume Solaire Complexe prot\u00e8ge votre peau du soleil tout en la nourrissant intens\u00e9ment. Texture douce, fini non gras, et formulation bio \ud83c\udf3f\ud83d\udc52 Pour toutes les peaux, m\u00eame les plus d\u00e9licates.","_links":{"self":[{"href":"https:\/\/www.rolland-design-creation.fr\/cosmetiques\/wp-json\/wp\/v2\/product\/361","targetHints":{"allow":["GET"]}}],"collection":[{"href":"https:\/\/www.rolland-design-creation.fr\/cosmetiques\/wp-json\/wp\/v2\/product"}],"about":[{"href":"https:\/\/www.rolland-design-creation.fr\/cosmetiques\/wp-json\/wp\/v2\/types\/product"}],"replies":[{"embeddable":true,"href":"https:\/\/www.rolland-design-creation.fr\/cosmetiques\/wp-json\/wp\/v2\/comments?post=361"}],"wp:featuredmedia":[{"embeddable":true,"href":"https:\/\/www.rolland-design-creation.fr\/cosmetiques\/wp-json\/wp\/v2\/media\/2606"}],"wp:attachment":[{"href":"https:\/\/www.rolland-design-creation.fr\/cosmetiques\/wp-json\/wp\/v2\/media?parent=361"}],"wp:term":[{"taxonomy":"product_brand","embeddable":true,"href":"https:\/\/www.rolland-design-creation.fr\/cosmetiques\/wp-json\/wp\/v2\/product_brand?post=361"},{"taxonomy":"product_cat","embeddable":true,"href":"https:\/\/www.rolland-design-creation.fr\/cosmetiques\/wp-json\/wp\/v2\/product_cat?post=361"},{"taxonomy":"product_tag","embeddable":true,"href":"https:\/\/www.rolland-design-creation.fr\/cosmetiques\/wp-json\/wp\/v2\/product_tag?post=361"}],"curies":[{"name":"wp","href":"https:\/\/api.w.org\/{rel}","templated":true}]}}