{"id":368,"date":"2025-05-29T01:45:04","date_gmt":"2025-05-28T23:45:04","guid":{"rendered":"https:\/\/www.rolland-design-creation.fr\/cosmetiques\/produit\/energizing-marine-lotion\/"},"modified":"2026-03-24T15:51:11","modified_gmt":"2026-03-24T14:51:11","slug":"energizing-marine-lotion","status":"publish","type":"product","link":"https:\/\/www.rolland-design-creation.fr\/cosmetiques\/produit\/energizing-marine-lotion\/","title":{"rendered":"Lotion Marine \u00c9nergisante"},"content":{"rendered":"<p data-start=\"233\" data-end=\"529\">R\u00e9veillez votre peau avec notre <strong data-start=\"265\" data-end=\"294\">Lotion Marine \u00c9nergisante<\/strong>, une formule l\u00e9g\u00e8re et rafra\u00eechissante inspir\u00e9e des bienfaits de l\u2019oc\u00e9an. Enrichie en extraits marins puissants, tels que l\u2019algue bleue, le plancton et la min\u00e9ralit\u00e9 marine, cette lotion tonifie et revitalise la peau en un seul geste.<\/p>\n<p data-start=\"531\" data-end=\"787\">Sa texture fluide et non collante p\u00e9n\u00e8tre rapidement, apportant une sensation imm\u00e9diate de fra\u00eecheur et d\u2019hydratation. Elle pr\u00e9pare la peau \u00e0 recevoir les soins suivants tout en aidant \u00e0 r\u00e9duire les signes de fatigue et \u00e0 stimuler l\u2019\u00e9clat naturel du teint.<\/p>\n<p data-start=\"789\" data-end=\"916\">Id\u00e9ale pour tous les types de peau, cette lotion \u00e9quilibre le pH cutan\u00e9, resserre les pores et laisse un fini doux et lumineux.<\/p>\n<p data-start=\"918\" data-end=\"1117\">\ud83c\udf3f <strong data-start=\"921\" data-end=\"971\">Formule naturelle et enrichie en actifs marins<\/strong><br data-start=\"971\" data-end=\"974\" \/>\ud83d\udca7 <strong data-start=\"977\" data-end=\"1019\">Hydrate, tonifie et revitalise la peau<\/strong><br data-start=\"1019\" data-end=\"1022\" \/>\u2728 <strong data-start=\"1024\" data-end=\"1062\">Apaise et \u00e9claire le teint fatigu\u00e9<\/strong><br data-start=\"1062\" data-end=\"1065\" \/>\u267b\ufe0f <strong data-start=\"1068\" data-end=\"1117\">Respectueuse de la peau et de l\u2019environnement<\/strong><\/p>\n<p data-start=\"1119\" data-end=\"1241\">Int\u00e9grez cette lotion \u00e9nergisante dans votre routine matin et soir pour une peau fra\u00eeche, \u00e9clatante et pleine de vitalit\u00e9.<\/p>\n","protected":false},"excerpt":{"rendered":"<p>Une lotion l\u00e9g\u00e8re enrichie en extraits marins pour tonifier, hydrater et r\u00e9veiller la peau. Offre fra\u00eecheur et \u00e9clat, id\u00e9ale pour tous les types de peau.<\/p>\n","protected":false},"featured_media":2611,"comment_status":"open","ping_status":"closed","template":"","meta":{"_uag_custom_page_level_css":"","site-sidebar-layout":"default","site-content-layout":"content-boxed-container","ast-site-content-layout":"normal-width-container","site-content-style":"boxed","site-sidebar-style":"unboxed","ast-global-header-display":"","ast-banner-title-visibility":"","ast-main-header-display":"","ast-hfb-above-header-display":"","ast-hfb-below-header-display":"","ast-hfb-mobile-header-display":"","site-post-title":"","ast-breadcrumbs-content":"","ast-featured-img":"","footer-sml-layout":"","theme-transparent-header-meta":"default","adv-header-id-meta":"","stick-header-meta":"","header-above-stick-meta":"","header-main-stick-meta":"","header-below-stick-meta":"","astra-migrate-meta-layouts":"set","ast-page-background-enabled":"default","ast-page-background-meta":{"desktop":{"background-color":"var(--ast-global-color-4)","background-image":"","background-repeat":"repeat","background-position":"center center","background-size":"auto","background-attachment":"scroll","background-type":"","background-media":"","overlay-type":"","overlay-color":"","overlay-opacity":"","overlay-gradient":""},"tablet":{"background-color":"","background-image":"","background-repeat":"repeat","background-position":"center center","background-size":"auto","background-attachment":"scroll","background-type":"","background-media":"","overlay-type":"","overlay-color":"","overlay-opacity":"","overlay-gradient":""},"mobile":{"background-color":"","background-image":"","background-repeat":"repeat","background-position":"center center","background-size":"auto","background-attachment":"scroll","background-type":"","background-media":"","overlay-type":"","overlay-color":"","overlay-opacity":"","overlay-gradient":""}},"ast-content-background-meta":{"desktop":{"background-color":"var(--ast-global-color-5)","background-image":"","background-repeat":"repeat","background-position":"center center","background-size":"auto","background-attachment":"scroll","background-type":"","background-media":"","overlay-type":"","overlay-color":"","overlay-opacity":"","overlay-gradient":""},"tablet":{"background-color":"var(--ast-global-color-5)","background-image":"","background-repeat":"repeat","background-position":"center center","background-size":"auto","background-attachment":"scroll","background-type":"","background-media":"","overlay-type":"","overlay-color":"","overlay-opacity":"","overlay-gradient":""},"mobile":{"background-color":"var(--ast-global-color-5)","background-image":"","background-repeat":"repeat","background-position":"center center","background-size":"auto","background-attachment":"scroll","background-type":"","background-media":"","overlay-type":"","overlay-color":"","overlay-opacity":"","overlay-gradient":""}}},"product_brand":[],"product_cat":[24],"product_tag":[],"class_list":{"0":"post-368","1":"product","2":"type-product","3":"status-publish","4":"has-post-thumbnail","6":"product_cat-body-lotion","7":"desktop-align-left","8":"tablet-align-left","9":"mobile-align-left","11":"first","12":"instock","13":"shipping-taxable","14":"purchasable","15":"product-type-simple"},"uagb_featured_image_src":{"full":["https:\/\/www.rolland-design-creation.fr\/cosmetiques\/wp-content\/uploads\/2025\/05\/img-8-scaled.jpg",2560,1439,false],"thumbnail":["https:\/\/www.rolland-design-creation.fr\/cosmetiques\/wp-content\/uploads\/2025\/05\/img-8-150x150.jpg",150,150,true],"medium":["https:\/\/www.rolland-design-creation.fr\/cosmetiques\/wp-content\/uploads\/2025\/05\/img-8-300x169.jpg",300,169,true],"medium_large":["https:\/\/www.rolland-design-creation.fr\/cosmetiques\/wp-content\/uploads\/2025\/05\/img-8-768x432.jpg",768,432,true],"large":["https:\/\/www.rolland-design-creation.fr\/cosmetiques\/wp-content\/uploads\/2025\/05\/img-8-1024x576.jpg",1024,576,true],"1536x1536":["https:\/\/www.rolland-design-creation.fr\/cosmetiques\/wp-content\/uploads\/2025\/05\/img-8-1536x864.jpg",1536,864,true],"2048x2048":["https:\/\/www.rolland-design-creation.fr\/cosmetiques\/wp-content\/uploads\/2025\/05\/img-8-2048x1151.jpg",2048,1151,true],"woocommerce_thumbnail":["https:\/\/www.rolland-design-creation.fr\/cosmetiques\/wp-content\/uploads\/2025\/05\/img-8-300x300.jpg",300,300,true],"woocommerce_single":["https:\/\/www.rolland-design-creation.fr\/cosmetiques\/wp-content\/uploads\/2025\/05\/img-8-600x337.jpg",600,337,true],"woocommerce_gallery_thumbnail":["https:\/\/www.rolland-design-creation.fr\/cosmetiques\/wp-content\/uploads\/2025\/05\/img-8-100x100.jpg",100,100,true],"yith-woocompare-image":["https:\/\/www.rolland-design-creation.fr\/cosmetiques\/wp-content\/uploads\/2025\/05\/img-8-220x154.jpg",220,154,true]},"uagb_author_info":{"display_name":"webmaster","author_link":"https:\/\/www.rolland-design-creation.fr\/cosmetiques\/author\/"},"uagb_comment_info":0,"uagb_excerpt":"Une lotion l\u00e9g\u00e8re enrichie en extraits marins pour tonifier, hydrater et r\u00e9veiller la peau. Offre fra\u00eecheur et \u00e9clat, id\u00e9ale pour tous les types de peau.","_links":{"self":[{"href":"https:\/\/www.rolland-design-creation.fr\/cosmetiques\/wp-json\/wp\/v2\/product\/368","targetHints":{"allow":["GET"]}}],"collection":[{"href":"https:\/\/www.rolland-design-creation.fr\/cosmetiques\/wp-json\/wp\/v2\/product"}],"about":[{"href":"https:\/\/www.rolland-design-creation.fr\/cosmetiques\/wp-json\/wp\/v2\/types\/product"}],"replies":[{"embeddable":true,"href":"https:\/\/www.rolland-design-creation.fr\/cosmetiques\/wp-json\/wp\/v2\/comments?post=368"}],"wp:featuredmedia":[{"embeddable":true,"href":"https:\/\/www.rolland-design-creation.fr\/cosmetiques\/wp-json\/wp\/v2\/media\/2611"}],"wp:attachment":[{"href":"https:\/\/www.rolland-design-creation.fr\/cosmetiques\/wp-json\/wp\/v2\/media?parent=368"}],"wp:term":[{"taxonomy":"product_brand","embeddable":true,"href":"https:\/\/www.rolland-design-creation.fr\/cosmetiques\/wp-json\/wp\/v2\/product_brand?post=368"},{"taxonomy":"product_cat","embeddable":true,"href":"https:\/\/www.rolland-design-creation.fr\/cosmetiques\/wp-json\/wp\/v2\/product_cat?post=368"},{"taxonomy":"product_tag","embeddable":true,"href":"https:\/\/www.rolland-design-creation.fr\/cosmetiques\/wp-json\/wp\/v2\/product_tag?post=368"}],"curies":[{"name":"wp","href":"https:\/\/api.w.org\/{rel}","templated":true}]}}