{"id":369,"date":"2025-05-29T01:45:04","date_gmt":"2025-05-28T23:45:04","guid":{"rendered":"https:\/\/www.rolland-design-creation.fr\/cosmetiques\/produit\/soothing-sunscreen-gel\/"},"modified":"2026-03-24T15:52:55","modified_gmt":"2026-03-24T14:52:55","slug":"soothing-sunscreen-gel","status":"publish","type":"product","link":"https:\/\/www.rolland-design-creation.fr\/cosmetiques\/produit\/soothing-sunscreen-gel\/","title":{"rendered":"Gel Solaire Apaisant"},"content":{"rendered":"<p data-start=\"220\" data-end=\"466\">Prot\u00e9gez votre peau efficacement tout en douceur gr\u00e2ce \u00e0 notre <strong data-start=\"283\" data-end=\"307\">Gel Solaire Apaisant<\/strong>, une formule l\u00e9g\u00e8re sp\u00e9cialement con\u00e7ue pour offrir une haute protection contre les rayons UVA et UVB tout en apaisant les peaux sensibles expos\u00e9es au soleil.<\/p>\n<p data-start=\"468\" data-end=\"765\">Sa texture gel fra\u00eeche et non grasse p\u00e9n\u00e8tre rapidement, laissant un fini invisible et non collant. Enrichi en actifs naturels aux propri\u00e9t\u00e9s apaisantes comme l\u2019alo\u00e9 vera et l\u2019extrait de calendula, il calme les sensations d\u2019\u00e9chauffement et hydrate intens\u00e9ment la peau tout au long de l\u2019exposition.<\/p>\n<p data-start=\"767\" data-end=\"1012\">Convient \u00e0 tous les types de peau, y compris les peaux sensibles, ce gel solaire prot\u00e8ge efficacement tout en respectant l\u2019\u00e9quilibre naturel de la peau. R\u00e9sistant \u00e0 l\u2019eau, il est id\u00e9al pour les activit\u00e9s en plein air, \u00e0 la plage ou \u00e0 la piscine.<\/p>\n<p data-start=\"1014\" data-end=\"1256\">\ud83c\udf3f <strong data-start=\"1017\" data-end=\"1065\">Formule naturelle et respectueuse de la peau<\/strong><br data-start=\"1065\" data-end=\"1068\" \/>\ud83d\udee1\ufe0f <strong data-start=\"1072\" data-end=\"1108\">Protection large spectre UVA\/UVB<\/strong><br data-start=\"1108\" data-end=\"1111\" \/>\ud83d\udca7 <strong data-start=\"1114\" data-end=\"1147\">Hydrate et apaise durablement<\/strong><br data-start=\"1147\" data-end=\"1150\" \/>\u2728 <strong data-start=\"1152\" data-end=\"1198\">Texture l\u00e9g\u00e8re, non grasse, fini invisible<\/strong><br data-start=\"1198\" data-end=\"1201\" \/>\u267b\ufe0f <strong data-start=\"1204\" data-end=\"1256\">Sans parab\u00e8nes, sans filtres chimiques agressifs<\/strong><\/p>\n<p data-start=\"1258\" data-end=\"1378\">Adoptez ce gel solaire apaisant pour une protection efficace et un confort optimal, m\u00eame sous le soleil le plus intense.<\/p>\n","protected":false},"excerpt":{"rendered":"<p>Une protection solaire l\u00e9g\u00e8re et non grasse qui hydrate et apaise les peaux sensibles. Formule naturelle \u00e0 large spectre UVA\/UVB, id\u00e9ale pour un confort optimal au soleil.<\/p>\n","protected":false},"featured_media":2613,"comment_status":"open","ping_status":"closed","template":"","meta":{"_uag_custom_page_level_css":"","site-sidebar-layout":"default","site-content-layout":"content-boxed-container","ast-site-content-layout":"normal-width-container","site-content-style":"boxed","site-sidebar-style":"unboxed","ast-global-header-display":"","ast-banner-title-visibility":"","ast-main-header-display":"","ast-hfb-above-header-display":"","ast-hfb-below-header-display":"","ast-hfb-mobile-header-display":"","site-post-title":"","ast-breadcrumbs-content":"","ast-featured-img":"","footer-sml-layout":"","theme-transparent-header-meta":"default","adv-header-id-meta":"","stick-header-meta":"","header-above-stick-meta":"","header-main-stick-meta":"","header-below-stick-meta":"","astra-migrate-meta-layouts":"set","ast-page-background-enabled":"default","ast-page-background-meta":{"desktop":{"background-color":"var(--ast-global-color-4)","background-image":"","background-repeat":"repeat","background-position":"center center","background-size":"auto","background-attachment":"scroll","background-type":"","background-media":"","overlay-type":"","overlay-color":"","overlay-opacity":"","overlay-gradient":""},"tablet":{"background-color":"","background-image":"","background-repeat":"repeat","background-position":"center center","background-size":"auto","background-attachment":"scroll","background-type":"","background-media":"","overlay-type":"","overlay-color":"","overlay-opacity":"","overlay-gradient":""},"mobile":{"background-color":"","background-image":"","background-repeat":"repeat","background-position":"center center","background-size":"auto","background-attachment":"scroll","background-type":"","background-media":"","overlay-type":"","overlay-color":"","overlay-opacity":"","overlay-gradient":""}},"ast-content-background-meta":{"desktop":{"background-color":"var(--ast-global-color-5)","background-image":"","background-repeat":"repeat","background-position":"center center","background-size":"auto","background-attachment":"scroll","background-type":"","background-media":"","overlay-type":"","overlay-color":"","overlay-opacity":"","overlay-gradient":""},"tablet":{"background-color":"var(--ast-global-color-5)","background-image":"","background-repeat":"repeat","background-position":"center center","background-size":"auto","background-attachment":"scroll","background-type":"","background-media":"","overlay-type":"","overlay-color":"","overlay-opacity":"","overlay-gradient":""},"mobile":{"background-color":"var(--ast-global-color-5)","background-image":"","background-repeat":"repeat","background-position":"center center","background-size":"auto","background-attachment":"scroll","background-type":"","background-media":"","overlay-type":"","overlay-color":"","overlay-opacity":"","overlay-gradient":""}}},"product_brand":[],"product_cat":[28],"product_tag":[],"class_list":{"0":"post-369","1":"product","2":"type-product","3":"status-publish","4":"has-post-thumbnail","6":"product_cat-sunscreens","7":"desktop-align-left","8":"tablet-align-left","9":"mobile-align-left","11":"first","12":"instock","13":"shipping-taxable","14":"purchasable","15":"product-type-simple"},"uagb_featured_image_src":{"full":["https:\/\/www.rolland-design-creation.fr\/cosmetiques\/wp-content\/uploads\/2025\/05\/img-22-1-scaled.jpg",2560,1439,false],"thumbnail":["https:\/\/www.rolland-design-creation.fr\/cosmetiques\/wp-content\/uploads\/2025\/05\/img-22-1-150x150.jpg",150,150,true],"medium":["https:\/\/www.rolland-design-creation.fr\/cosmetiques\/wp-content\/uploads\/2025\/05\/img-22-1-300x169.jpg",300,169,true],"medium_large":["https:\/\/www.rolland-design-creation.fr\/cosmetiques\/wp-content\/uploads\/2025\/05\/img-22-1-768x432.jpg",768,432,true],"large":["https:\/\/www.rolland-design-creation.fr\/cosmetiques\/wp-content\/uploads\/2025\/05\/img-22-1-1024x576.jpg",1024,576,true],"1536x1536":["https:\/\/www.rolland-design-creation.fr\/cosmetiques\/wp-content\/uploads\/2025\/05\/img-22-1-1536x864.jpg",1536,864,true],"2048x2048":["https:\/\/www.rolland-design-creation.fr\/cosmetiques\/wp-content\/uploads\/2025\/05\/img-22-1-2048x1151.jpg",2048,1151,true],"woocommerce_thumbnail":["https:\/\/www.rolland-design-creation.fr\/cosmetiques\/wp-content\/uploads\/2025\/05\/img-22-1-300x300.jpg",300,300,true],"woocommerce_single":["https:\/\/www.rolland-design-creation.fr\/cosmetiques\/wp-content\/uploads\/2025\/05\/img-22-1-600x337.jpg",600,337,true],"woocommerce_gallery_thumbnail":["https:\/\/www.rolland-design-creation.fr\/cosmetiques\/wp-content\/uploads\/2025\/05\/img-22-1-100x100.jpg",100,100,true],"yith-woocompare-image":["https:\/\/www.rolland-design-creation.fr\/cosmetiques\/wp-content\/uploads\/2025\/05\/img-22-1-220x154.jpg",220,154,true]},"uagb_author_info":{"display_name":"webmaster","author_link":"https:\/\/www.rolland-design-creation.fr\/cosmetiques\/author\/"},"uagb_comment_info":0,"uagb_excerpt":"Une protection solaire l\u00e9g\u00e8re et non grasse qui hydrate et apaise les peaux sensibles. Formule naturelle \u00e0 large spectre UVA\/UVB, id\u00e9ale pour un confort optimal au soleil.","_links":{"self":[{"href":"https:\/\/www.rolland-design-creation.fr\/cosmetiques\/wp-json\/wp\/v2\/product\/369","targetHints":{"allow":["GET"]}}],"collection":[{"href":"https:\/\/www.rolland-design-creation.fr\/cosmetiques\/wp-json\/wp\/v2\/product"}],"about":[{"href":"https:\/\/www.rolland-design-creation.fr\/cosmetiques\/wp-json\/wp\/v2\/types\/product"}],"replies":[{"embeddable":true,"href":"https:\/\/www.rolland-design-creation.fr\/cosmetiques\/wp-json\/wp\/v2\/comments?post=369"}],"wp:featuredmedia":[{"embeddable":true,"href":"https:\/\/www.rolland-design-creation.fr\/cosmetiques\/wp-json\/wp\/v2\/media\/2613"}],"wp:attachment":[{"href":"https:\/\/www.rolland-design-creation.fr\/cosmetiques\/wp-json\/wp\/v2\/media?parent=369"}],"wp:term":[{"taxonomy":"product_brand","embeddable":true,"href":"https:\/\/www.rolland-design-creation.fr\/cosmetiques\/wp-json\/wp\/v2\/product_brand?post=369"},{"taxonomy":"product_cat","embeddable":true,"href":"https:\/\/www.rolland-design-creation.fr\/cosmetiques\/wp-json\/wp\/v2\/product_cat?post=369"},{"taxonomy":"product_tag","embeddable":true,"href":"https:\/\/www.rolland-design-creation.fr\/cosmetiques\/wp-json\/wp\/v2\/product_tag?post=369"}],"curies":[{"name":"wp","href":"https:\/\/api.w.org\/{rel}","templated":true}]}}