{"id":1350,"date":"2025-05-08T17:52:59","date_gmt":"2025-05-08T15:52:59","guid":{"rendered":"https:\/\/www.rolland-design-creation.fr\/psychologue\/?page_id=1350"},"modified":"2025-05-10T16:45:09","modified_gmt":"2025-05-10T14:45:09","slug":"therapie-individuelle","status":"publish","type":"page","link":"https:\/\/www.rolland-design-creation.fr\/psychologue\/therapie-individuelle\/","title":{"rendered":"Th\u00e9rapie individuelle"},"content":{"rendered":"\n<div class=\"wp-block-uagb-container aos-zoom-in uagb-block-c53a128d alignfull uagb-is-root-container\"><div class=\"uagb-container-inner-blocks-wrap\">\n<div class=\"wp-block-uagb-info-box uagb-block-b648e985 uagb-infobox__content-wrap  uagb-infobox-icon-above-title uagb-infobox-image-valign-top wp-block-uagb-info-box--has-margin aos-fade-up aos-delay-500\"><div class=\"uagb-infobox-margin-wrapper\"><div class=\"uagb-ifb-content\"><div class=\"uagb-ifb-title-wrap\"><h1 class=\"uagb-ifb-title\">Th\u00e9rapie individuelle <\/h1><\/div><\/div><\/div><\/div>\n<\/div><\/div>\n\n\n\n<div class=\"wp-block-uagb-container uagb-block-e40412f9 alignfull uagb-is-root-container\"><div class=\"uagb-container-inner-blocks-wrap\">\n<div class=\"wp-block-uagb-info-box uagb-block-eca68ba6 uagb-infobox__content-wrap  uagb-infobox-icon-above-title uagb-infobox-image-valign-top\"><div class=\"uagb-ifb-content\"><div class=\"uagb-ifb-title-wrap\"><h2 class=\"uagb-ifb-title\">Un Accompagnement Personnel vers le Changement<\/h2><\/div><\/div><\/div>\n\n\n\n<div class=\"wp-block-uagb-container uagb-block-c3af8e7b\">\n<div class=\"wp-block-uagb-container uagb-block-1f437655\">\n<p class=\"\" data-start=\"224\" data-end=\"601\"><strong>La th\u00e9rapie individuelle<\/strong> est un espace confidentiel et bienveillant o\u00f9 vous pouvez parler librement de ce que vous ressentez, sans jugement. Que vous traversiez une p\u00e9riode difficile, <strong>que vous ressentiez de l\u2019anxi\u00e9t\u00e9, de la tristesse, un mal-\u00eatre diffus<\/strong>, ou que vous souhaitiez simplement mieux vous conna\u00eetre, la consultation avec un psychologue peut \u00eatre une \u00e9tape pr\u00e9cieuse.<\/p>\n<p class=\"\" data-start=\"603\" data-end=\"944\">Chaque personne est unique, et chaque parcours th\u00e9rapeutique l\u2019est aussi. Lors des s\u00e9ances, le psychologue vous accompagne \u00e0 votre rythme, en respectant votre histoire, vos \u00e9motions et vos besoins.<\/p>\n<p class=\"\" data-start=\"603\" data-end=\"944\">Ensemble, vous explorez les blocages, les sch\u00e9mas de pens\u00e9e ou les comportements qui vous freinent dans votre vie quotidienne ou relationnelle.<\/p>\n<\/div>\n\n\n\n<div class=\"wp-block-uagb-container uagb-block-5b0fca3b\">\n<p class=\"\" data-start=\"946\" data-end=\"990\"><strong>La th\u00e9rapie individuelle<\/strong> peut vous aider \u00e0 :<\/p>\n<ul data-start=\"992\" data-end=\"1362\">\n<li class=\"\" data-start=\"992\" data-end=\"1067\">\n<p class=\"\" data-start=\"994\" data-end=\"1067\">Comprendre l\u2019origine de vos difficult\u00e9s psychologiques ou \u00e9motionnelles<\/p>\n<\/li>\n<li class=\"\" data-start=\"1068\" data-end=\"1151\">\n<p class=\"\" data-start=\"1070\" data-end=\"1151\">Apprendre \u00e0 g\u00e9rer le stress, l\u2019anxi\u00e9t\u00e9, les phobies ou les troubles de l\u2019humeur<\/p>\n<\/li>\n<li class=\"\" data-start=\"1152\" data-end=\"1239\">\n<p class=\"\" data-start=\"1154\" data-end=\"1239\">Traverser des \u00e9preuves de vie (deuil, rupture, burn-out, changement professionnel\u2026)<\/p>\n<\/li>\n<li class=\"\" data-start=\"1240\" data-end=\"1298\">\n<p class=\"\" data-start=\"1242\" data-end=\"1298\">Retrouver confiance en vous et affirmer votre identit\u00e9<\/p>\n<\/li>\n<li class=\"\" data-start=\"1299\" data-end=\"1362\">\n<p class=\"\" data-start=\"1301\" data-end=\"1362\">D\u00e9velopper des ressources pour faire face aux d\u00e9fis de la vie<\/p>\n<\/li>\n<\/ul>\n<p class=\"\" data-start=\"1364\" data-end=\"1677\"><strong>Chaque s\u00e9ance dure en moyenne 45 minutes \u00e0 1 heure<\/strong> et se d\u00e9roule dans un climat d\u2019\u00e9coute active, de respect et de confidentialit\u00e9. Le psychologue n\u2019apporte pas de solutions toutes faites, mais il vous aide \u00e0 mieux comprendre ce que vous vivez, \u00e0 poser des mots sur vos ressentis, et \u00e0 cheminer vers un mieux-\u00eatre.<\/p>\n<p class=\"\" data-start=\"1679\" data-end=\"1918\">Prendre rendez-vous pour une th\u00e9rapie individuelle, c\u2019est avant tout un acte de soin envers soi-m\u00eame. C\u2019est une d\u00e9marche de transformation int\u00e9rieure, un engagement vers une vie plus \u00e9quilibr\u00e9e, plus libre et plus en accord avec vous-m\u00eame.<\/p>\n<\/div>\n<\/div>\n<\/div><\/div>\n\n\n\n<div class=\"wp-block-uagb-container aos-zoom-in uagb-block-0d6e6fa5 alignfull uagb-is-root-container\"><div class=\"uagb-container-inner-blocks-wrap\">\n<div class=\"wp-block-uagb-info-box uagb-block-a3aa2356 uagb-infobox__content-wrap  uagb-infobox-icon-above-title uagb-infobox-image-valign-top wp-block-uagb-info-box--has-margin aos-fade-up aos-delay-500\"><div class=\"uagb-infobox-margin-wrapper\"><div class=\"uagb-ifb-content\"><div class=\"uagb-ifb-title-wrap\"><span class=\"uagb-ifb-title-prefix\">Ne restez pas seul,<\/span><h2 class=\"uagb-ifb-title\">Contactez-moi pour d\u00e9buter<\/h2><\/div><div class=\"uagb-ifb-button-wrapper wp-block-button\"><a href=\"\/contact\/\" class=\"uagb-infobox-cta-link wp-block-button__link\" target=\"_self\" rel=\"noopener noreferrer\" onclick=\"return true;\"><span class=\"uagb-inline-editing\">Prendre rendez-vous<\/span><\/a><\/div><\/div><\/div><\/div>\n<\/div><\/div>\n","protected":false},"excerpt":{"rendered":"<p>La th\u00e9rapie individuelle est un espace confidentiel et bienveillant o\u00f9 vous pouvez parler librement de ce que vous ressentez, sans [&hellip;]<\/p>\n","protected":false},"author":1,"featured_media":0,"parent":0,"menu_order":0,"comment_status":"closed","ping_status":"closed","template":"","meta":{"_uag_custom_page_level_css":"","site-sidebar-layout":"default","site-content-layout":"page-builder","ast-site-content-layout":"default","site-content-style":"default","site-sidebar-style":"default","ast-global-header-display":"","ast-banner-title-visibility":"","ast-main-header-display":"","ast-hfb-above-header-display":"","ast-hfb-below-header-display":"","ast-hfb-mobile-header-display":"","site-post-title":"disabled","ast-breadcrumbs-content":"","ast-featured-img":"","footer-sml-layout":"","theme-transparent-header-meta":"enabled","adv-header-id-meta":"","stick-header-meta":"","header-above-stick-meta":"","header-main-stick-meta":"","header-below-stick-meta":"","astra-migrate-meta-layouts":"set","ast-page-background-enabled":"default","ast-page-background-meta":{"desktop":{"background-color":"var(--ast-global-color-4)","background-image":"","background-repeat":"repeat","background-position":"center center","background-size":"auto","background-attachment":"scroll","background-type":"","background-media":"","overlay-type":"","overlay-color":"","overlay-opacity":"","overlay-gradient":""},"tablet":{"background-color":"","background-image":"","background-repeat":"repeat","background-position":"center center","background-size":"auto","background-attachment":"scroll","background-type":"","background-media":"","overlay-type":"","overlay-color":"","overlay-opacity":"","overlay-gradient":""},"mobile":{"background-color":"","background-image":"","background-repeat":"repeat","background-position":"center center","background-size":"auto","background-attachment":"scroll","background-type":"","background-media":"","overlay-type":"","overlay-color":"","overlay-opacity":"","overlay-gradient":""}},"ast-content-background-meta":{"desktop":{"background-color":"var(--ast-global-color-5)","background-image":"","background-repeat":"repeat","background-position":"center center","background-size":"auto","background-attachment":"scroll","background-type":"","background-media":"","overlay-type":"","overlay-color":"","overlay-opacity":"","overlay-gradient":""},"tablet":{"background-color":"var(--ast-global-color-5)","background-image":"","background-repeat":"repeat","background-position":"center center","background-size":"auto","background-attachment":"scroll","background-type":"","background-media":"","overlay-type":"","overlay-color":"","overlay-opacity":"","overlay-gradient":""},"mobile":{"background-color":"var(--ast-global-color-5)","background-image":"","background-repeat":"repeat","background-position":"center center","background-size":"auto","background-attachment":"scroll","background-type":"","background-media":"","overlay-type":"","overlay-color":"","overlay-opacity":"","overlay-gradient":""}},"footnotes":""},"class_list":["post-1350","page","type-page","status-publish","hentry"],"uagb_featured_image_src":{"full":false,"thumbnail":false,"medium":false,"medium_large":false,"large":false,"1536x1536":false,"2048x2048":false},"uagb_author_info":{"display_name":"webmaster","author_link":"https:\/\/www.rolland-design-creation.fr\/psychologue\/author\/webmaster\/"},"uagb_comment_info":0,"uagb_excerpt":"La th\u00e9rapie individuelle est un espace confidentiel et bienveillant o\u00f9 vous pouvez parler librement de ce que vous ressentez, sans [&hellip;]","_links":{"self":[{"href":"https:\/\/www.rolland-design-creation.fr\/psychologue\/wp-json\/wp\/v2\/pages\/1350","targetHints":{"allow":["GET"]}}],"collection":[{"href":"https:\/\/www.rolland-design-creation.fr\/psychologue\/wp-json\/wp\/v2\/pages"}],"about":[{"href":"https:\/\/www.rolland-design-creation.fr\/psychologue\/wp-json\/wp\/v2\/types\/page"}],"author":[{"embeddable":true,"href":"https:\/\/www.rolland-design-creation.fr\/psychologue\/wp-json\/wp\/v2\/users\/1"}],"replies":[{"embeddable":true,"href":"https:\/\/www.rolland-design-creation.fr\/psychologue\/wp-json\/wp\/v2\/comments?post=1350"}],"version-history":[{"count":1,"href":"https:\/\/www.rolland-design-creation.fr\/psychologue\/wp-json\/wp\/v2\/pages\/1350\/revisions"}],"predecessor-version":[{"id":1351,"href":"https:\/\/www.rolland-design-creation.fr\/psychologue\/wp-json\/wp\/v2\/pages\/1350\/revisions\/1351"}],"wp:attachment":[{"href":"https:\/\/www.rolland-design-creation.fr\/psychologue\/wp-json\/wp\/v2\/media?parent=1350"}],"curies":[{"name":"wp","href":"https:\/\/api.w.org\/{rel}","templated":true}]}}