{"id":1356,"date":"2025-05-08T17:52:59","date_gmt":"2025-05-08T15:52:59","guid":{"rendered":"https:\/\/www.rolland-design-creation.fr\/psychologue\/?page_id=1356"},"modified":"2025-05-11T21:04:54","modified_gmt":"2025-05-11T19:04:54","slug":"therapie-de-groupe","status":"publish","type":"page","link":"https:\/\/www.rolland-design-creation.fr\/psychologue\/therapie-de-groupe\/","title":{"rendered":"Th\u00e9rapie de groupe"},"content":{"rendered":"\n<div class=\"wp-block-uagb-container aos-zoom-in uagb-block-c53a128d alignfull uagb-is-root-container\"><div class=\"uagb-container-inner-blocks-wrap\">\n<div class=\"wp-block-uagb-info-box uagb-block-b648e985 uagb-infobox__content-wrap  uagb-infobox-icon-above-title uagb-infobox-image-valign-top wp-block-uagb-info-box--has-margin aos-fade-up aos-delay-500\"><div class=\"uagb-infobox-margin-wrapper\"><div class=\"uagb-ifb-content\"><div class=\"uagb-ifb-title-wrap\"><h1 class=\"uagb-ifb-title\">Th\u00e9rapie de groupe <\/h1><\/div><\/div><\/div><\/div>\n<\/div><\/div>\n\n\n\n<div class=\"wp-block-uagb-container uagb-block-e40412f9 alignfull uagb-is-root-container\"><div class=\"uagb-container-inner-blocks-wrap\">\n<div class=\"wp-block-uagb-info-box uagb-block-eca68ba6 uagb-infobox__content-wrap  uagb-infobox-icon-above-title uagb-infobox-image-valign-top\"><div class=\"uagb-ifb-content\"><div class=\"uagb-ifb-title-wrap\"><h2 class=\"uagb-ifb-title\">Un espace de partage, d&rsquo;\u00e9coute et de transformation<\/h2><\/div><\/div><\/div>\n\n\n\n<div class=\"wp-block-uagb-container uagb-block-c3af8e7b\">\n<div class=\"wp-block-uagb-container uagb-block-1f437655\">\n<p>La th\u00e9rapie de groupe est une forme de suivi psychologique o\u00f9 plusieurs personnes se r\u00e9unissent, accompagn\u00e9es d\u2019un(e) psychologue, pour explorer ensemble leurs difficult\u00e9s, leurs \u00e9motions et leurs exp\u00e9riences de vie. Ce cadre bienveillant permet \u00e0 chacun de se sentir \u00e9cout\u00e9, soutenu, et de progresser \u00e0 son rythme, gr\u00e2ce \u00e0 la force du collectif.<\/p>\n<h2>\ud83d\udcac Pourquoi choisir la th\u00e9rapie de groupe ?<\/h2>\n<ul data-start=\"742\" data-end=\"1187\">\n<li data-start=\"742\" data-end=\"845\"><strong data-start=\"744\" data-end=\"766\">Rompre l\u2019isolement<\/strong> : Se rendre compte que l\u2019on n\u2019est pas seul(e) \u00e0 vivre certaines difficult\u00e9s.<\/li>\n<li data-start=\"846\" data-end=\"949\"><strong data-start=\"848\" data-end=\"876\">Partager et s\u2019identifier<\/strong> : Les t\u00e9moignages des autres r\u00e9sonnent souvent avec notre propre v\u00e9cu.<\/li>\n<li data-start=\"950\" data-end=\"1062\"><strong data-start=\"952\" data-end=\"985\">Recevoir et offrir du soutien<\/strong> : Apprendre \u00e0 s\u2019exprimer, \u00e0 \u00e9couter, et \u00e0 poser un regard nouveau sur soi.<\/li>\n<li data-start=\"1063\" data-end=\"1187\"><strong data-start=\"1065\" data-end=\"1093\">Exp\u00e9rimenter la relation<\/strong> : Le groupe devient un lieu pour travailler sa communication, son estime de soi, ses limites.<\/li>\n<\/ul>\n<h2>\ud83d\udc65 Pour qui ?<\/h2>\n<p data-start=\"1213\" data-end=\"1278\">La th\u00e9rapie de groupe peut convenir \u00e0 toute personne souhaitant :<\/p>\n<ul data-start=\"1280\" data-end=\"1495\">\n<li data-start=\"1280\" data-end=\"1329\">Mieux comprendre son fonctionnement relationnel<\/li>\n<li data-start=\"1330\" data-end=\"1381\">Travailler l&rsquo;estime de soi ou la confiance en soi<\/li>\n<li data-start=\"1382\" data-end=\"1420\">Apprendre \u00e0 mieux g\u00e9rer ses \u00e9motions<\/li>\n<li data-start=\"1421\" data-end=\"1463\">Sortir d\u2019un isolement affectif ou social<\/li>\n<li data-start=\"1464\" data-end=\"1495\">Compl\u00e9ter un suivi individuel<\/li>\n<\/ul>\n<p data-start=\"1497\" data-end=\"1594\">Aucun pr\u00e9requis n\u2019est n\u00e9cessaire, seulement l\u2019envie d\u2019essayer et de respecter le cadre du groupe.<\/p>\n<p>\u00a0<\/p>\n<\/div>\n\n\n\n<div class=\"wp-block-uagb-container uagb-block-5b0fca3b\">\n<h2>\ud83e\udded D\u00e9roulement d\u2019une s\u00e9ance<\/h2>\n<ul data-start=\"1634\" data-end=\"1945\">\n<li data-start=\"1634\" data-end=\"1659\"><strong data-start=\"1636\" data-end=\"1645\">Dur\u00e9e<\/strong> : 1h30 \u00e0 2h<\/li>\n<li data-start=\"1660\" data-end=\"1725\"><strong data-start=\"1662\" data-end=\"1675\">Fr\u00e9quence<\/strong> : Hebdomadaire ou bimensuelle (selon le groupe)<\/li>\n<li data-start=\"1726\" data-end=\"1765\"><strong data-start=\"1728\" data-end=\"1744\">Participants<\/strong> : 5 \u00e0 10 personnes<\/li>\n<li data-start=\"1766\" data-end=\"1850\"><strong data-start=\"1768\" data-end=\"1783\">Encadrement<\/strong> : Anim\u00e9e par un(e) psychologue form\u00e9(e) \u00e0 la dynamique de groupe<\/li>\n<li data-start=\"1851\" data-end=\"1945\"><strong data-start=\"1853\" data-end=\"1862\">Cadre<\/strong> : Confidentialit\u00e9, bienveillance, libert\u00e9 de parole et respect du rythme de chacun<\/li>\n<\/ul>\n<h2>\ud83d\udccc Informations pratiques<\/h2>\n<ul data-start=\"1983\" data-end=\"2223\">\n<li data-start=\"1983\" data-end=\"2033\"><strong data-start=\"1985\" data-end=\"1993\">Lieu<\/strong> : Paris<\/li>\n<li data-start=\"2034\" data-end=\"2093\"><strong data-start=\"2036\" data-end=\"2045\">Tarif<\/strong> : 90 euros par s\u00e9ance <\/li>\n<li data-start=\"2094\" data-end=\"2223\"><strong data-start=\"2096\" data-end=\"2111\">Inscription<\/strong> : Un entretien pr\u00e9alable est propos\u00e9 afin de s\u2019assurer que ce format vous convient et r\u00e9pondre \u00e0 vos questions.<\/li>\n<\/ul>\n<h2>\ud83d\udca1 Une d\u00e9marche collective\u2026 au service de votre cheminement personnel.<\/h2>\n<p data-start=\"2306\" data-end=\"2469\">Si vous ressentez l\u2019appel du groupe ou si vous h\u00e9sitez encore, n\u2019h\u00e9sitez pas \u00e0 me contacter pour en discuter. Parfois, c\u2019est ensemble que l\u2019on avance le plus loin.<\/p>\n<p>\u00a0<\/p>\n<\/div>\n<\/div>\n<\/div><\/div>\n\n\n\n<div class=\"wp-block-uagb-container aos-zoom-in uagb-block-0d6e6fa5 alignfull uagb-is-root-container\"><div class=\"uagb-container-inner-blocks-wrap\">\n<div class=\"wp-block-uagb-info-box uagb-block-a3aa2356 uagb-infobox__content-wrap  uagb-infobox-icon-above-title uagb-infobox-image-valign-top wp-block-uagb-info-box--has-margin aos-fade-up aos-delay-500\"><div class=\"uagb-infobox-margin-wrapper\"><div class=\"uagb-ifb-content\"><div class=\"uagb-ifb-title-wrap\"><span class=\"uagb-ifb-title-prefix\">Ne restez pas seul,<\/span><h2 class=\"uagb-ifb-title\">Contactez-moi pour d\u00e9buter<\/h2><\/div><div class=\"uagb-ifb-button-wrapper wp-block-button\"><a href=\"\/contact\/\" class=\"uagb-infobox-cta-link wp-block-button__link\" target=\"_self\" rel=\"noopener noreferrer\" onclick=\"return true;\"><span class=\"uagb-inline-editing\">Prendre rendez-vous<\/span><\/a><\/div><\/div><\/div><\/div>\n<\/div><\/div>\n","protected":false},"excerpt":{"rendered":"<p>La th\u00e9rapie de groupe est une forme de suivi psychologique o\u00f9 plusieurs personnes se r\u00e9unissent, accompagn\u00e9es d\u2019un(e) psychologue, pour explorer [&hellip;]<\/p>\n","protected":false},"author":1,"featured_media":0,"parent":0,"menu_order":0,"comment_status":"closed","ping_status":"closed","template":"","meta":{"_uag_custom_page_level_css":"","site-sidebar-layout":"default","site-content-layout":"page-builder","ast-site-content-layout":"default","site-content-style":"default","site-sidebar-style":"default","ast-global-header-display":"","ast-banner-title-visibility":"","ast-main-header-display":"","ast-hfb-above-header-display":"","ast-hfb-below-header-display":"","ast-hfb-mobile-header-display":"","site-post-title":"disabled","ast-breadcrumbs-content":"","ast-featured-img":"","footer-sml-layout":"","theme-transparent-header-meta":"enabled","adv-header-id-meta":"","stick-header-meta":"","header-above-stick-meta":"","header-main-stick-meta":"","header-below-stick-meta":"","astra-migrate-meta-layouts":"set","ast-page-background-enabled":"default","ast-page-background-meta":{"desktop":{"background-color":"var(--ast-global-color-4)","background-image":"","background-repeat":"repeat","background-position":"center center","background-size":"auto","background-attachment":"scroll","background-type":"","background-media":"","overlay-type":"","overlay-color":"","overlay-opacity":"","overlay-gradient":""},"tablet":{"background-color":"","background-image":"","background-repeat":"repeat","background-position":"center center","background-size":"auto","background-attachment":"scroll","background-type":"","background-media":"","overlay-type":"","overlay-color":"","overlay-opacity":"","overlay-gradient":""},"mobile":{"background-color":"","background-image":"","background-repeat":"repeat","background-position":"center center","background-size":"auto","background-attachment":"scroll","background-type":"","background-media":"","overlay-type":"","overlay-color":"","overlay-opacity":"","overlay-gradient":""}},"ast-content-background-meta":{"desktop":{"background-color":"var(--ast-global-color-5)","background-image":"","background-repeat":"repeat","background-position":"center center","background-size":"auto","background-attachment":"scroll","background-type":"","background-media":"","overlay-type":"","overlay-color":"","overlay-opacity":"","overlay-gradient":""},"tablet":{"background-color":"var(--ast-global-color-5)","background-image":"","background-repeat":"repeat","background-position":"center center","background-size":"auto","background-attachment":"scroll","background-type":"","background-media":"","overlay-type":"","overlay-color":"","overlay-opacity":"","overlay-gradient":""},"mobile":{"background-color":"var(--ast-global-color-5)","background-image":"","background-repeat":"repeat","background-position":"center center","background-size":"auto","background-attachment":"scroll","background-type":"","background-media":"","overlay-type":"","overlay-color":"","overlay-opacity":"","overlay-gradient":""}},"footnotes":""},"class_list":["post-1356","page","type-page","status-publish","hentry"],"uagb_featured_image_src":{"full":false,"thumbnail":false,"medium":false,"medium_large":false,"large":false,"1536x1536":false,"2048x2048":false},"uagb_author_info":{"display_name":"webmaster","author_link":"https:\/\/www.rolland-design-creation.fr\/psychologue\/author\/webmaster\/"},"uagb_comment_info":0,"uagb_excerpt":"La th\u00e9rapie de groupe est une forme de suivi psychologique o\u00f9 plusieurs personnes se r\u00e9unissent, accompagn\u00e9es d\u2019un(e) psychologue, pour explorer [&hellip;]","_links":{"self":[{"href":"https:\/\/www.rolland-design-creation.fr\/psychologue\/wp-json\/wp\/v2\/pages\/1356","targetHints":{"allow":["GET"]}}],"collection":[{"href":"https:\/\/www.rolland-design-creation.fr\/psychologue\/wp-json\/wp\/v2\/pages"}],"about":[{"href":"https:\/\/www.rolland-design-creation.fr\/psychologue\/wp-json\/wp\/v2\/types\/page"}],"author":[{"embeddable":true,"href":"https:\/\/www.rolland-design-creation.fr\/psychologue\/wp-json\/wp\/v2\/users\/1"}],"replies":[{"embeddable":true,"href":"https:\/\/www.rolland-design-creation.fr\/psychologue\/wp-json\/wp\/v2\/comments?post=1356"}],"version-history":[{"count":3,"href":"https:\/\/www.rolland-design-creation.fr\/psychologue\/wp-json\/wp\/v2\/pages\/1356\/revisions"}],"predecessor-version":[{"id":1370,"href":"https:\/\/www.rolland-design-creation.fr\/psychologue\/wp-json\/wp\/v2\/pages\/1356\/revisions\/1370"}],"wp:attachment":[{"href":"https:\/\/www.rolland-design-creation.fr\/psychologue\/wp-json\/wp\/v2\/media?parent=1356"}],"curies":[{"name":"wp","href":"https:\/\/api.w.org\/{rel}","templated":true}]}}