{"id":34,"date":"2025-05-08T17:52:59","date_gmt":"2025-05-08T15:52:59","guid":{"rendered":"https:\/\/www.rolland-design-creation.fr\/psychologue\/index.php\/about\/"},"modified":"2025-05-10T10:20:23","modified_gmt":"2025-05-10T08:20:23","slug":"a-propos","status":"publish","type":"page","link":"https:\/\/www.rolland-design-creation.fr\/psychologue\/a-propos\/","title":{"rendered":"A propos"},"content":{"rendered":"\n<div class=\"wp-block-uagb-container aos-zoom-in uagb-block-c53a128d alignfull uagb-is-root-container\"><div class=\"uagb-container-inner-blocks-wrap\">\n<div class=\"wp-block-uagb-info-box uagb-block-b648e985 uagb-infobox__content-wrap  uagb-infobox-icon-above-title uagb-infobox-image-valign-top wp-block-uagb-info-box--has-margin aos-fade-up aos-delay-500\"><div class=\"uagb-infobox-margin-wrapper\"><div class=\"uagb-ifb-content\"><div class=\"uagb-ifb-title-wrap\"><h1 class=\"uagb-ifb-title\">\u00c0 propos <\/h1><\/div><\/div><\/div><\/div>\n<\/div><\/div>\n\n\n\n<div class=\"wp-block-uagb-container uagb-block-dc0169ac alignfull uagb-is-root-container\"><div class=\"uagb-container-inner-blocks-wrap\">\n<div class=\"wp-block-uagb-container uagb-block-47f0005f\">\n<div class=\"wp-block-uagb-info-box uagb-block-006696f2 uagb-infobox__content-wrap  uagb-infobox-icon-above-title uagb-infobox-image-valign-top\"><div class=\"uagb-ifb-content\"><div class=\"uagb-ifb-title-wrap\"><p class=\"uagb-ifb-title-prefix\">Coach certifi\u00e9 et praticien<\/p><h2 class=\"uagb-ifb-title\">Michelle DELARDIERE<\/h2><\/div><\/div><\/div>\n\n\n\n<div class=\"wp-block-uagb-image uagb-block-c96ca455 wp-block-uagb-image--layout-default wp-block-uagb-image--effect-static wp-block-uagb-image--align-none aos-fade-up\"><figure class=\"wp-block-uagb-image__figure\"><img decoding=\"async\" srcset=\"https:\/\/www.rolland-design-creation.fr\/psychologue\/wp-content\/uploads\/2025\/05\/stylish-confident-businesswoman-smiling_176420-19466_jpg-1024x682.jpg ,https:\/\/www.rolland-design-creation.fr\/psychologue\/wp-content\/uploads\/2025\/05\/stylish-confident-businesswoman-smiling_176420-19466_jpg.jpg 780w, https:\/\/www.rolland-design-creation.fr\/psychologue\/wp-content\/uploads\/2025\/05\/stylish-confident-businesswoman-smiling_176420-19466_jpg.jpg 360w\" sizes=\"auto, (max-width: 480px) 150px\" src=\"https:\/\/www.rolland-design-creation.fr\/psychologue\/wp-content\/uploads\/2025\/05\/stylish-confident-businesswoman-smiling_176420-19466_jpg-1024x682.jpg\" alt=\"\" class=\"uag-image-1338\" width=\"2000\" height=\"1333\" title=\"stylish-confident-businesswoman-smiling_176420-19466_jpg\" loading=\"lazy\" role=\"img\"\/><\/figure><\/div>\n<\/div>\n\n\n\n<div class=\"wp-block-uagb-container uagb-block-ccdccb28\">\n<div class=\"wp-block-uagb-info-box uagb-block-54f3833f uagb-infobox__content-wrap  uagb-infobox-icon-above-title uagb-infobox-image-valign-top aos-fade-up\"><div class=\"uagb-ifb-content\"><div class=\"uagb-ifb-title-wrap\"><\/div><p class=\"uagb-ifb-desc\">Depuis de longues ann\u00e9es, j\u2019accompagne des personnes comme vous, d\u00e9sireuses de <strong>se lib\u00e9rer de l\u2019anxi\u00e9t\u00e9, du stress persistant ou de traumatismes<\/strong> qui entravent leur \u00e9panouissement.<br><br>Alliant empathie et pragmatisme, j\u2019accorde une attention toute particuli\u00e8re \u00e0 votre histoire et \u00e0 vos besoins. Chaque parcours \u00e9tant unique, je prends le temps de vous \u00e9couter en profondeur avant de concevoir une approche r\u00e9ellement sur-mesure.<br><br><strong>Sp\u00e9cialis\u00e9 en EMDR-IMO<\/strong>, une m\u00e9thode \u00e9prouv\u00e9e pour d\u00e9nouer les blocages li\u00e9s aux traumatismes, et en hypnose, qui agit en profondeur sur votre inconscient, je vous guide vers un meilleur \u00e9quilibre \u00e9motionnel.<br><br>\u00c0 travers un travail de coaching structur\u00e9, je vous invite \u00e0 un questionnement r\u00e9fl\u00e9chi et \u00e0 des actions concr\u00e8tes, toujours orient\u00e9es vers l\u2019atteinte de vos objectifs.<br><br>Je m\u2019engage \u00e0 vous soutenir \u00e0 chaque \u00e9tape de votre cheminement, avec bienveillance et professionnalisme.<br><br><strong>Mon ambition : <\/strong>vous accompagner vers une paix int\u00e9rieure retrouv\u00e9e et une clart\u00e9 d\u2019esprit durable, afin que vous puissiez avancer avec confiance et s\u00e9r\u00e9nit\u00e9.<\/p><\/div><\/div>\n<\/div>\n<\/div><\/div>\n\n\n\n<div class=\"wp-block-uagb-container uagb-block-e40412f9 alignfull uagb-is-root-container\"><div class=\"uagb-container-inner-blocks-wrap\">\n<div class=\"wp-block-uagb-info-box uagb-block-eca68ba6 uagb-infobox__content-wrap  uagb-infobox-icon-above-title uagb-infobox-image-valign-top\"><div class=\"uagb-ifb-content\"><div class=\"uagb-ifb-title-wrap\"><span class=\"uagb-ifb-title-prefix\">Mon approche<\/span><h2 class=\"uagb-ifb-title\">M\u00e9thodes de soutien psychologique personnalis\u00e9es<\/h2><\/div><\/div><\/div>\n\n\n\n<div class=\"wp-block-uagb-container uagb-block-c3af8e7b\">\n<div class=\"wp-block-uagb-container uagb-block-1f437655\">\n<div class=\"wp-block-uagb-advanced-heading uagb-block-0c02a7b6 aos-fade-up\"><h3 class=\"uagb-heading-text\">\u00c9coute active<\/h3><p class=\"uagb-desc-text\">L\u2019\u00e9coute active est au c\u0153ur de mon approche. Je m\u2019attache \u00e0 cr\u00e9er un espace bienveillant et s\u00e9curisant, o\u00f9 vous pouvez vous exprimer librement, en toute confiance. Cela me permet de mieux comprendre votre situation et de construire avec vous une relation authentique, fondement essentiel de tout accompagnement th\u00e9rapeutique.<\/p><\/div>\n<\/div>\n\n\n\n<div class=\"wp-block-uagb-container uagb-block-5b0fca3b\">\n<div class=\"wp-block-uagb-advanced-heading uagb-block-2d293cdd aos-fade-up aos-delay-500\"><h3 class=\"uagb-heading-text\">Groupes de parole<\/h3><p class=\"uagb-desc-text\">Les groupes de parole sont une autre m\u00e9thode cl\u00e9, favorisant le partage d&rsquo;exp\u00e9riences entre participants. Ces s\u00e9ances permettent aux individus de se sentir moins seuls dans leurs luttes, tout en apprenant des uns des autres et en renfor\u00e7ant leur r\u00e9silience collective.<\/p><\/div>\n<\/div>\n<\/div>\n<\/div><\/div>\n\n\n\n<div class=\"wp-block-uagb-container aos-zoom-in uagb-block-0d6e6fa5 alignfull uagb-is-root-container\"><div class=\"uagb-container-inner-blocks-wrap\">\n<div class=\"wp-block-uagb-info-box uagb-block-a3aa2356 uagb-infobox__content-wrap  uagb-infobox-icon-above-title uagb-infobox-image-valign-top wp-block-uagb-info-box--has-margin aos-fade-up aos-delay-500\"><div class=\"uagb-infobox-margin-wrapper\"><div class=\"uagb-ifb-content\"><div class=\"uagb-ifb-title-wrap\"><span class=\"uagb-ifb-title-prefix\">Ne restez pas seul,<\/span><h2 class=\"uagb-ifb-title\">Contactez-moi pour d\u00e9buter<\/h2><\/div><div class=\"uagb-ifb-button-wrapper wp-block-button\"><a href=\"\/contact\/\" class=\"uagb-infobox-cta-link wp-block-button__link\" target=\"_self\" rel=\"noopener noreferrer\" onclick=\"return true;\"><span class=\"uagb-inline-editing\">Prendre rendez-vous<\/span><\/a><\/div><\/div><\/div><\/div>\n<\/div><\/div>\n","protected":false},"excerpt":{"rendered":"<p>\u00c9coute active L\u2019\u00e9coute active est au c\u0153ur de mon approche. Je m\u2019attache \u00e0 cr\u00e9er un espace bienveillant et s\u00e9curisant, o\u00f9 [&hellip;]<\/p>\n","protected":false},"author":1,"featured_media":0,"parent":0,"menu_order":0,"comment_status":"closed","ping_status":"closed","template":"","meta":{"_uag_custom_page_level_css":"","site-sidebar-layout":"default","site-content-layout":"page-builder","ast-site-content-layout":"default","site-content-style":"default","site-sidebar-style":"default","ast-global-header-display":"","ast-banner-title-visibility":"","ast-main-header-display":"","ast-hfb-above-header-display":"","ast-hfb-below-header-display":"","ast-hfb-mobile-header-display":"","site-post-title":"disabled","ast-breadcrumbs-content":"","ast-featured-img":"","footer-sml-layout":"","theme-transparent-header-meta":"enabled","adv-header-id-meta":"","stick-header-meta":"","header-above-stick-meta":"","header-main-stick-meta":"","header-below-stick-meta":"","astra-migrate-meta-layouts":"set","ast-page-background-enabled":"default","ast-page-background-meta":{"desktop":{"background-color":"var(--ast-global-color-4)","background-image":"","background-repeat":"repeat","background-position":"center center","background-size":"auto","background-attachment":"scroll","background-type":"","background-media":"","overlay-type":"","overlay-color":"","overlay-opacity":"","overlay-gradient":""},"tablet":{"background-color":"","background-image":"","background-repeat":"repeat","background-position":"center center","background-size":"auto","background-attachment":"scroll","background-type":"","background-media":"","overlay-type":"","overlay-color":"","overlay-opacity":"","overlay-gradient":""},"mobile":{"background-color":"","background-image":"","background-repeat":"repeat","background-position":"center center","background-size":"auto","background-attachment":"scroll","background-type":"","background-media":"","overlay-type":"","overlay-color":"","overlay-opacity":"","overlay-gradient":""}},"ast-content-background-meta":{"desktop":{"background-color":"var(--ast-global-color-5)","background-image":"","background-repeat":"repeat","background-position":"center center","background-size":"auto","background-attachment":"scroll","background-type":"","background-media":"","overlay-type":"","overlay-color":"","overlay-opacity":"","overlay-gradient":""},"tablet":{"background-color":"var(--ast-global-color-5)","background-image":"","background-repeat":"repeat","background-position":"center center","background-size":"auto","background-attachment":"scroll","background-type":"","background-media":"","overlay-type":"","overlay-color":"","overlay-opacity":"","overlay-gradient":""},"mobile":{"background-color":"var(--ast-global-color-5)","background-image":"","background-repeat":"repeat","background-position":"center center","background-size":"auto","background-attachment":"scroll","background-type":"","background-media":"","overlay-type":"","overlay-color":"","overlay-opacity":"","overlay-gradient":""}},"footnotes":""},"class_list":["post-34","page","type-page","status-publish","hentry"],"uagb_featured_image_src":{"full":false,"thumbnail":false,"medium":false,"medium_large":false,"large":false,"1536x1536":false,"2048x2048":false},"uagb_author_info":{"display_name":"webmaster","author_link":"https:\/\/www.rolland-design-creation.fr\/psychologue\/author\/webmaster\/"},"uagb_comment_info":0,"uagb_excerpt":"\u00c9coute active L\u2019\u00e9coute active est au c\u0153ur de mon approche. Je m\u2019attache \u00e0 cr\u00e9er un espace bienveillant et s\u00e9curisant, o\u00f9 [&hellip;]","_links":{"self":[{"href":"https:\/\/www.rolland-design-creation.fr\/psychologue\/wp-json\/wp\/v2\/pages\/34","targetHints":{"allow":["GET"]}}],"collection":[{"href":"https:\/\/www.rolland-design-creation.fr\/psychologue\/wp-json\/wp\/v2\/pages"}],"about":[{"href":"https:\/\/www.rolland-design-creation.fr\/psychologue\/wp-json\/wp\/v2\/types\/page"}],"author":[{"embeddable":true,"href":"https:\/\/www.rolland-design-creation.fr\/psychologue\/wp-json\/wp\/v2\/users\/1"}],"replies":[{"embeddable":true,"href":"https:\/\/www.rolland-design-creation.fr\/psychologue\/wp-json\/wp\/v2\/comments?post=34"}],"version-history":[{"count":9,"href":"https:\/\/www.rolland-design-creation.fr\/psychologue\/wp-json\/wp\/v2\/pages\/34\/revisions"}],"predecessor-version":[{"id":1340,"href":"https:\/\/www.rolland-design-creation.fr\/psychologue\/wp-json\/wp\/v2\/pages\/34\/revisions\/1340"}],"wp:attachment":[{"href":"https:\/\/www.rolland-design-creation.fr\/psychologue\/wp-json\/wp\/v2\/media?parent=34"}],"curies":[{"name":"wp","href":"https:\/\/api.w.org\/{rel}","templated":true}]}}