{"id":35,"date":"2025-05-08T17:52:59","date_gmt":"2025-05-08T15:52:59","guid":{"rendered":"https:\/\/www.rolland-design-creation.fr\/psychologue\/index.php\/offerings\/"},"modified":"2025-05-11T22:16:15","modified_gmt":"2025-05-11T20:16:15","slug":"psychotherapies","status":"publish","type":"page","link":"https:\/\/www.rolland-design-creation.fr\/psychologue\/psychotherapies\/","title":{"rendered":"Psychoth\u00e9rapies"},"content":{"rendered":"\n<div class=\"wp-block-uagb-container aos-zoom-in uag-blocks-common-selector uagb-block-7024acc2 alignfull uagb-is-root-container\"><div class=\"uagb-container-inner-blocks-wrap\">\n<div class=\"wp-block-uagb-info-box uagb-block-45be0f1e uagb-infobox__content-wrap  uagb-infobox-icon-above-title uagb-infobox-image-valign-top wp-block-uagb-info-box--has-margin aos-fade-up aos-delay-500\"><div class=\"uagb-infobox-margin-wrapper\"><div class=\"uagb-ifb-content\"><div class=\"uagb-ifb-title-wrap\"><span class=\"uagb-ifb-title-prefix\">Votre mieux-\u00eatre commence ici<\/span><h1 class=\"uagb-ifb-title\">Psychoth\u00e9rapies<\/h1><\/div><\/div><\/div><\/div>\n<\/div><\/div>\n\n\n\n<div class=\"wp-block-uagb-container uagb-block-7449c9bf alignfull uagb-is-root-container\"><div class=\"uagb-container-inner-blocks-wrap\">\n<div class=\"wp-block-uagb-container uag-blocks-common-selector uagb-block-30b178af\">\n<div class=\"wp-block-uagb-container uagb-block-e08d2ba7\">\n<div class=\"wp-block-uagb-info-box uagb-block-cb1e2609 uagb-infobox__content-wrap  uagb-infobox-icon-above-title uagb-infobox-image-valign-top\"><div class=\"uagb-ifb-content\"><div class=\"uagb-ifb-title-wrap\"><span class=\"uagb-ifb-title-prefix\">01<\/span><h2 class=\"uagb-ifb-title\">Th\u00e9rapie Individuelle<\/h2><\/div><p class=\"uagb-ifb-desc\">La th\u00e9rapie individuelle offre un espace s\u00e9curis\u00e9 pour explorer vos \u00e9motions et vos pens\u00e9es. Je vous accompagne dans un processus de d\u00e9couverte de soi pour favoriser votre bien-\u00eatre mental.<\/p><div class=\"uagb-ifb-button-wrapper wp-block-button\"><a href=\"https:\/\/www.rolland-design-creation.fr\/psychologue\/therapie-individuelle\/\" class=\"uagb-infobox-cta-link wp-block-button__link\" target=\"_self\" rel=\"noopener noreferrer\" onclick=\"return true;\"><span class=\"uagb-inline-editing\">Plus d&rsquo;infos<\/span><svg xmlns=\"https:\/\/www.w3.org\/2000\/svg\" viewBox=\"0 0 512 512\"><path d=\"M504.3 273.6l-112.1 104c-6.992 6.484-17.18 8.218-25.94 4.406c-8.758-3.812-14.42-12.45-14.42-21.1L351.9 288H32C14.33 288 .0002 273.7 .0002 255.1S14.33 224 32 224h319.9l0-72c0-9.547 5.66-18.19 14.42-22c8.754-3.809 18.95-2.075 25.94 4.41l112.1 104C514.6 247.9 514.6 264.1 504.3 273.6z\"><\/path><\/svg><\/a><\/div><\/div><\/div>\n<\/div>\n\n\n\n<div class=\"wp-block-uagb-container uagb-block-fa9be21e\">\n<div class=\"wp-block-uagb-image alignleft uagb-block-624b89c7 wp-block-uagb-image--layout-default wp-block-uagb-image--effect-static wp-block-uagb-image--align-left aos-fade-up\"><figure class=\"wp-block-uagb-image__figure\"><img decoding=\"async\" srcset=\"https:\/\/www.rolland-design-creation.fr\/psychologue\/wp-content\/uploads\/2025\/05\/pexels-photo-4098275.jpeg ,https:\/\/www.rolland-design-creation.fr\/psychologue\/wp-content\/uploads\/2025\/05\/pexels-photo-4098275.jpeg 780w, https:\/\/www.rolland-design-creation.fr\/psychologue\/wp-content\/uploads\/2025\/05\/pexels-photo-4098275.jpeg 360w\" sizes=\"auto, (max-width: 480px) 150px\" src=\"https:\/\/www.rolland-design-creation.fr\/psychologue\/wp-content\/uploads\/2025\/05\/pexels-photo-4098275.jpeg\" alt=\"Th\u00e9rapie Individuelle\" class=\"uag-image-19\" width=\"600\" height=\"464\" title=\"Th\u00e9rapie Individuelle\" loading=\"lazy\" role=\"img\"\/><\/figure><\/div>\n<\/div>\n<\/div>\n\n\n\n<div class=\"wp-block-uagb-container uagb-block-947592b1 alignfull uagb-is-root-container\"><div class=\"uagb-container-inner-blocks-wrap\">\n<div class=\"wp-block-uagb-container uagb-block-5e41bb9d\">\n<div class=\"wp-block-uagb-image alignleft uagb-block-6f3129d4 wp-block-uagb-image--layout-default wp-block-uagb-image--effect-static wp-block-uagb-image--align-left aos-fade-up\"><figure class=\"wp-block-uagb-image__figure\"><img decoding=\"async\" srcset=\"https:\/\/www.rolland-design-creation.fr\/psychologue\/wp-content\/uploads\/2025\/05\/mental-health-care-sketch-diagram_53876-128059_jpg-1024x910.jpg ,https:\/\/www.rolland-design-creation.fr\/psychologue\/wp-content\/uploads\/2025\/05\/mental-health-care-sketch-diagram_53876-128059_jpg.jpg 780w, https:\/\/www.rolland-design-creation.fr\/psychologue\/wp-content\/uploads\/2025\/05\/mental-health-care-sketch-diagram_53876-128059_jpg.jpg 360w\" sizes=\"auto, (max-width: 480px) 150px\" src=\"https:\/\/www.rolland-design-creation.fr\/psychologue\/wp-content\/uploads\/2025\/05\/mental-health-care-sketch-diagram_53876-128059_jpg-1024x910.jpg\" alt=\"\" class=\"uag-image-10\" width=\"600\" height=\"464\" title=\"mental-health-care-sketch-diagram_53876-128059_jpg\" loading=\"lazy\" role=\"img\"\/><\/figure><\/div>\n<\/div>\n\n\n\n<div class=\"wp-block-uagb-container uagb-block-9a73b9d6\">\n<div class=\"wp-block-uagb-info-box uagb-block-c2081357 uagb-infobox__content-wrap  uagb-infobox-icon-above-title uagb-infobox-image-valign-top\"><div class=\"uagb-ifb-content\"><div class=\"uagb-ifb-title-wrap\"><span class=\"uagb-ifb-title-prefix\">02<\/span><h2 class=\"uagb-ifb-title\">Th\u00e9rapie de Groupe<\/h2><\/div><p class=\"uagb-ifb-desc\">Les s\u00e9ances de th\u00e9rapie de groupe permettent de partager des exp\u00e9riences et de b\u00e9n\u00e9ficier des perspectives des autres. C&rsquo;est une opportunit\u00e9 enrichissante pour progresser ensemble dans un cadre bienveillant.<\/p><div class=\"uagb-ifb-button-wrapper wp-block-button\"><a href=\"https:\/\/www.rolland-design-creation.fr\/psychologue\/therapie-de-groupe\/\" class=\"uagb-infobox-cta-link wp-block-button__link\" target=\"_self\" rel=\"noopener noreferrer\" onclick=\"return true;\"><span class=\"uagb-inline-editing\">Plus d&rsquo;infos<\/span><svg xmlns=\"https:\/\/www.w3.org\/2000\/svg\" viewBox=\"0 0 512 512\"><path d=\"M504.3 273.6l-112.1 104c-6.992 6.484-17.18 8.218-25.94 4.406c-8.758-3.812-14.42-12.45-14.42-21.1L351.9 288H32C14.33 288 .0002 273.7 .0002 255.1S14.33 224 32 224h319.9l0-72c0-9.547 5.66-18.19 14.42-22c8.754-3.809 18.95-2.075 25.94 4.41l112.1 104C514.6 247.9 514.6 264.1 504.3 273.6z\"><\/path><\/svg><\/a><\/div><\/div><\/div>\n<\/div>\n<\/div><\/div>\n\n\n\n<div class=\"wp-block-uagb-container uagb-block-706afc9c alignfull uagb-is-root-container\"><div class=\"uagb-container-inner-blocks-wrap\">\n<div class=\"wp-block-uagb-container uagb-block-f7b650f5\">\n<div class=\"wp-block-uagb-info-box uagb-block-4853bff0 uagb-infobox__content-wrap  uagb-infobox-icon-above-title uagb-infobox-image-valign-top\"><div class=\"uagb-ifb-content\"><div class=\"uagb-ifb-title-wrap\"><span class=\"uagb-ifb-title-prefix\">03<\/span><h2 class=\"uagb-ifb-title\">Ateliers \u00c9motionnels<\/h2><\/div><p class=\"uagb-ifb-desc\">Mes ateliers \u00e9motionnels sont con\u00e7us pour vous aider \u00e0 mieux comprendre et g\u00e9rer vos sentiments. Ces sessions interactives favorisent la prise de conscience et le lien entre les participants.<\/p><div class=\"uagb-ifb-button-wrapper wp-block-button\"><a href=\"https:\/\/www.rolland-design-creation.fr\/psychologue\/ateliers-emotionnels\/\" class=\"uagb-infobox-cta-link wp-block-button__link\" target=\"_self\" rel=\"noopener noreferrer\" onclick=\"return true;\"><span class=\"uagb-inline-editing\">Plus d&rsquo;infos<\/span><svg xmlns=\"https:\/\/www.w3.org\/2000\/svg\" viewBox=\"0 0 512 512\"><path d=\"M504.3 273.6l-112.1 104c-6.992 6.484-17.18 8.218-25.94 4.406c-8.758-3.812-14.42-12.45-14.42-21.1L351.9 288H32C14.33 288 .0002 273.7 .0002 255.1S14.33 224 32 224h319.9l0-72c0-9.547 5.66-18.19 14.42-22c8.754-3.809 18.95-2.075 25.94 4.41l112.1 104C514.6 247.9 514.6 264.1 504.3 273.6z\"><\/path><\/svg><\/a><\/div><\/div><\/div>\n<\/div>\n\n\n\n<div class=\"wp-block-uagb-container uagb-block-482c24a8\">\n<div class=\"wp-block-uagb-image alignleft uagb-block-63ffd992 wp-block-uagb-image--layout-default wp-block-uagb-image--effect-static wp-block-uagb-image--align-left aos-fade-up\"><figure class=\"wp-block-uagb-image__figure\"><img decoding=\"async\" srcset=\"https:\/\/www.rolland-design-creation.fr\/psychologue\/wp-content\/uploads\/2025\/05\/freelance-artist-home-banner.jpg ,https:\/\/www.rolland-design-creation.fr\/psychologue\/wp-content\/uploads\/2025\/05\/freelance-artist-home-banner.jpg 780w, https:\/\/www.rolland-design-creation.fr\/psychologue\/wp-content\/uploads\/2025\/05\/freelance-artist-home-banner.jpg 360w\" sizes=\"auto, (max-width: 480px) 150px\" src=\"https:\/\/www.rolland-design-creation.fr\/psychologue\/wp-content\/uploads\/2025\/05\/freelance-artist-home-banner.jpg\" alt=\"Ateliers \u00c9motionnels\" class=\"uag-image-1321\" width=\"600\" height=\"464\" title=\"Ateliers \u00c9motionnels\" loading=\"lazy\" role=\"img\"\/><\/figure><\/div>\n<\/div>\n<\/div><\/div>\n<\/div><\/div>\n\n\n\n<div class=\"wp-block-uagb-container uagb-block-94e5ad93 alignfull uagb-is-root-container\"><div class=\"uagb-container-inner-blocks-wrap\">\n<div class=\"wp-block-uagb-info-box uagb-block-01720b37 uagb-infobox__content-wrap  uagb-infobox-icon-above-title uagb-infobox-image-valign-top\"><div class=\"uagb-ifb-content\"><div class=\"uagb-ifb-icon-wrap\"><svg xmlns=\"https:\/\/www.w3.org\/2000\/svg\" viewBox=\"0 0 448 512\"><path d=\"M96 96C42.98 96 0 138.1 0 192s42.98 96 96 96c11.28 0 21.95-2.305 32-5.879V288c0 35.3-28.7 64-64 64c-17.67 0-32 14.33-32 32s14.33 32 32 32c70.58 0 128-57.42 128-128V192C192 138.1 149 96 96 96zM448 192c0-53.02-42.98-96-96-96s-96 42.98-96 96s42.98 96 96 96c11.28 0 21.95-2.305 32-5.879V288c0 35.3-28.7 64-64 64c-17.67 0-32 14.33-32 32s14.33 32 32 32c70.58 0 128-57.42 128-128V192z\"><\/path><\/svg><\/div><div class=\"uagb-ifb-title-wrap\"><h2 class=\"uagb-ifb-title\">Michelle a vraiment chang\u00e9 ma vie. Sa compr\u00e9hension et son approche bienveillante m&rsquo;ont permis de me sentir \u00e0 nouveau moi-m\u00eame.<\/h2><\/div><\/div><\/div>\n\n\n\n<div class=\"wp-block-uagb-advanced-heading uagb-block-e689f21b\"><div class=\"uagb-heading-text\">Sophie Martin<\/div><\/div>\n<\/div><\/div>\n\n\n\n<div class=\"wp-block-uagb-container aos-zoom-in uagb-block-0d6e6fa5 alignfull uagb-is-root-container\"><div class=\"uagb-container-inner-blocks-wrap\">\n<div class=\"wp-block-uagb-info-box uagb-block-a3aa2356 uagb-infobox__content-wrap  uagb-infobox-icon-above-title uagb-infobox-image-valign-top wp-block-uagb-info-box--has-margin aos-fade-up aos-delay-500\"><div class=\"uagb-infobox-margin-wrapper\"><div class=\"uagb-ifb-content\"><div class=\"uagb-ifb-title-wrap\"><span class=\"uagb-ifb-title-prefix\">Ne restez pas seul,<\/span><h2 class=\"uagb-ifb-title\">Contactez-moi pour d\u00e9buter<\/h2><\/div><div class=\"uagb-ifb-button-wrapper wp-block-button\"><a href=\"\/contact\/\" class=\"uagb-infobox-cta-link wp-block-button__link\" target=\"_self\" rel=\"noopener noreferrer\" onclick=\"return true;\"><span class=\"uagb-inline-editing\">Prendre rendez-vous<\/span><\/a><\/div><\/div><\/div><\/div>\n<\/div><\/div>\n","protected":false},"excerpt":{"rendered":"<p>Sophie Martin<\/p>\n","protected":false},"author":1,"featured_media":0,"parent":0,"menu_order":0,"comment_status":"closed","ping_status":"closed","template":"","meta":{"_uag_custom_page_level_css":"","site-sidebar-layout":"default","site-content-layout":"page-builder","ast-site-content-layout":"default","site-content-style":"default","site-sidebar-style":"default","ast-global-header-display":"","ast-banner-title-visibility":"","ast-main-header-display":"","ast-hfb-above-header-display":"","ast-hfb-below-header-display":"","ast-hfb-mobile-header-display":"","site-post-title":"disabled","ast-breadcrumbs-content":"","ast-featured-img":"","footer-sml-layout":"","theme-transparent-header-meta":"enabled","adv-header-id-meta":"","stick-header-meta":"","header-above-stick-meta":"","header-main-stick-meta":"","header-below-stick-meta":"","astra-migrate-meta-layouts":"set","ast-page-background-enabled":"default","ast-page-background-meta":{"desktop":{"background-color":"var(--ast-global-color-4)","background-image":"","background-repeat":"repeat","background-position":"center center","background-size":"auto","background-attachment":"scroll","background-type":"","background-media":"","overlay-type":"","overlay-color":"","overlay-opacity":"","overlay-gradient":""},"tablet":{"background-color":"","background-image":"","background-repeat":"repeat","background-position":"center center","background-size":"auto","background-attachment":"scroll","background-type":"","background-media":"","overlay-type":"","overlay-color":"","overlay-opacity":"","overlay-gradient":""},"mobile":{"background-color":"","background-image":"","background-repeat":"repeat","background-position":"center center","background-size":"auto","background-attachment":"scroll","background-type":"","background-media":"","overlay-type":"","overlay-color":"","overlay-opacity":"","overlay-gradient":""}},"ast-content-background-meta":{"desktop":{"background-color":"var(--ast-global-color-5)","background-image":"","background-repeat":"repeat","background-position":"center center","background-size":"auto","background-attachment":"scroll","background-type":"","background-media":"","overlay-type":"","overlay-color":"","overlay-opacity":"","overlay-gradient":""},"tablet":{"background-color":"var(--ast-global-color-5)","background-image":"","background-repeat":"repeat","background-position":"center center","background-size":"auto","background-attachment":"scroll","background-type":"","background-media":"","overlay-type":"","overlay-color":"","overlay-opacity":"","overlay-gradient":""},"mobile":{"background-color":"var(--ast-global-color-5)","background-image":"","background-repeat":"repeat","background-position":"center center","background-size":"auto","background-attachment":"scroll","background-type":"","background-media":"","overlay-type":"","overlay-color":"","overlay-opacity":"","overlay-gradient":""}},"footnotes":""},"class_list":["post-35","page","type-page","status-publish","hentry"],"uagb_featured_image_src":{"full":false,"thumbnail":false,"medium":false,"medium_large":false,"large":false,"1536x1536":false,"2048x2048":false},"uagb_author_info":{"display_name":"webmaster","author_link":"https:\/\/www.rolland-design-creation.fr\/psychologue\/author\/webmaster\/"},"uagb_comment_info":0,"uagb_excerpt":"Sophie Martin","_links":{"self":[{"href":"https:\/\/www.rolland-design-creation.fr\/psychologue\/wp-json\/wp\/v2\/pages\/35","targetHints":{"allow":["GET"]}}],"collection":[{"href":"https:\/\/www.rolland-design-creation.fr\/psychologue\/wp-json\/wp\/v2\/pages"}],"about":[{"href":"https:\/\/www.rolland-design-creation.fr\/psychologue\/wp-json\/wp\/v2\/types\/page"}],"author":[{"embeddable":true,"href":"https:\/\/www.rolland-design-creation.fr\/psychologue\/wp-json\/wp\/v2\/users\/1"}],"replies":[{"embeddable":true,"href":"https:\/\/www.rolland-design-creation.fr\/psychologue\/wp-json\/wp\/v2\/comments?post=35"}],"version-history":[{"count":13,"href":"https:\/\/www.rolland-design-creation.fr\/psychologue\/wp-json\/wp\/v2\/pages\/35\/revisions"}],"predecessor-version":[{"id":1375,"href":"https:\/\/www.rolland-design-creation.fr\/psychologue\/wp-json\/wp\/v2\/pages\/35\/revisions\/1375"}],"wp:attachment":[{"href":"https:\/\/www.rolland-design-creation.fr\/psychologue\/wp-json\/wp\/v2\/media?parent=35"}],"curies":[{"name":"wp","href":"https:\/\/api.w.org\/{rel}","templated":true}]}}